{"id":58,"date":"2023-10-24T16:37:33","date_gmt":"2023-10-24T16:37:33","guid":{"rendered":"https:\/\/campus.lacnic.net\/?page_id=58"},"modified":"2025-11-07T13:00:10","modified_gmt":"2025-11-07T13:00:10","slug":"docentes","status":"publish","type":"page","link":"https:\/\/campus.lacnic.net\/pt-br\/docentes\/","title":{"rendered":"Docentes"},"content":{"rendered":"\n<p>Os nossos especialistas e instrutores est\u00e3o sempre se atualizando para facilitar a implementa\u00e7\u00e3o de novas tecnologias relacionadas aos recursos da Internet, incluindo o IPv6, seguran\u00e7a cibern\u00e9tica, IXP, RPKI, DNSSEC, entre outros e compartilhando seus conhecimentos nos cursos publicados.<\/p>\n","protected":false},"excerpt":{"rendered":"<p>Os nossos especialistas e instrutores est\u00e3o sempre se atualizando para facilitar a implementa\u00e7\u00e3o de novas tecnologias relacionadas aos recursos da Internet, incluindo o IPv6, seguran\u00e7a cibern\u00e9tica, IXP, RPKI, DNSSEC, entre outros e compartilhando seus conhecimentos nos cursos publicados.<\/p>\n","protected":false},"author":1,"featured_media":0,"parent":0,"menu_order":0,"comment_status":"closed","ping_status":"closed","template":"templates\/docentes.php","meta":{"_acf_changed":false,"footnotes":""},"class_list":["post-58","page","type-page","status-publish","hentry"],"acf":[],"yoast_head":"<!-- This site is optimized with the Yoast SEO plugin v26.4 - https:\/\/yoast.com\/wordpress\/plugins\/seo\/ -->\n<title>CAMPUS LACNIC &#8211; Docentes<\/title>\n<meta name=\"robots\" content=\"index, follow, max-snippet:-1, max-image-preview:large, max-video-preview:-1\" \/>\n<link rel=\"canonical\" href=\"https:\/\/campus.lacnic.net\/pt-br\/docentes\/\" \/>\n<meta property=\"og:locale\" content=\"pt_BR\" \/>\n<meta property=\"og:type\" content=\"article\" \/>\n<meta property=\"og:title\" content=\"CAMPUS LACNIC &#8211; Docentes\" \/>\n<meta property=\"og:description\" content=\"Os nossos especialistas e instrutores est\u00e3o sempre se atualizando para facilitar a implementa\u00e7\u00e3o de novas tecnologias relacionadas aos recursos da Internet, incluindo o IPv6, seguran\u00e7a cibern\u00e9tica, IXP, RPKI, DNSSEC, entre outros e compartilhando seus conhecimentos nos cursos publicados.\" \/>\n<meta property=\"og:url\" content=\"https:\/\/campus.lacnic.net\/pt-br\/docentes\/\" \/>\n<meta property=\"og:site_name\" content=\"CAMPUS LACNIC\" \/>\n<meta property=\"article:modified_time\" content=\"2025-11-07T13:00:10+00:00\" \/>\n<meta property=\"og:image\" content=\"https:\/\/campus.lacnic.net\/wp-content\/uploads\/2024\/04\/lacnic-campus-image.png\" \/>\n\t<meta property=\"og:image:width\" content=\"1200\" \/>\n\t<meta property=\"og:image:height\" content=\"675\" \/>\n\t<meta property=\"og:image:type\" content=\"image\/png\" \/>\n<meta name=\"twitter:card\" content=\"summary_large_image\" \/>\n<meta name=\"twitter:label1\" content=\"Est. tempo de leitura\" \/>\n\t<meta name=\"twitter:data1\" content=\"1 minuto\" \/>\n<script type=\"application\/ld+json\" class=\"yoast-schema-graph\">{\"@context\":\"https:\/\/schema.org\",\"@graph\":[{\"@type\":\"WebPage\",\"@id\":\"https:\/\/campus.lacnic.net\/pt-br\/docentes\/\",\"url\":\"https:\/\/campus.lacnic.net\/pt-br\/docentes\/\",\"name\":\"CAMPUS LACNIC &#8211; Docentes\",\"isPartOf\":{\"@id\":\"https:\/\/campus.lacnic.net\/#website\"},\"datePublished\":\"2023-10-24T16:37:33+00:00\",\"dateModified\":\"2025-11-07T13:00:10+00:00\",\"breadcrumb\":{\"@id\":\"https:\/\/campus.lacnic.net\/pt-br\/docentes\/#breadcrumb\"},\"inLanguage\":\"pt-BR\",\"potentialAction\":[{\"@type\":\"ReadAction\",\"target\":[\"https:\/\/campus.lacnic.net\/pt-br\/docentes\/\"]}]},{\"@type\":\"BreadcrumbList\",\"@id\":\"https:\/\/campus.lacnic.net\/pt-br\/docentes\/#breadcrumb\",\"itemListElement\":[{\"@type\":\"ListItem\",\"position\":1,\"name\":\"Portada\",\"item\":\"https:\/\/campus.lacnic.net\/pt-br\/\"},{\"@type\":\"ListItem\",\"position\":2,\"name\":\"Docentes\"}]},{\"@type\":\"WebSite\",\"@id\":\"https:\/\/campus.lacnic.net\/#website\",\"url\":\"https:\/\/campus.lacnic.net\/\",\"name\":\"CAMPUS LACNIC\",\"description\":\"\",\"publisher\":{\"@id\":\"https:\/\/campus.lacnic.net\/#organization\"},\"potentialAction\":[{\"@type\":\"SearchAction\",\"target\":{\"@type\":\"EntryPoint\",\"urlTemplate\":\"https:\/\/campus.lacnic.net\/?s={search_term_string}\"},\"query-input\":{\"@type\":\"PropertyValueSpecification\",\"valueRequired\":true,\"valueName\":\"search_term_string\"}}],\"inLanguage\":\"pt-BR\"},{\"@type\":\"Organization\",\"@id\":\"https:\/\/campus.lacnic.net\/#organization\",\"name\":\"CAMPUS LACNIC\",\"url\":\"https:\/\/campus.lacnic.net\/\",\"logo\":{\"@type\":\"ImageObject\",\"inLanguage\":\"pt-BR\",\"@id\":\"https:\/\/campus.lacnic.net\/#\/schema\/logo\/image\/\",\"url\":\"https:\/\/campus.lacnic.net\/wp-content\/uploads\/2024\/04\/lacnic-campus-logo-seo.png\",\"contentUrl\":\"https:\/\/campus.lacnic.net\/wp-content\/uploads\/2024\/04\/lacnic-campus-logo-seo.png\",\"width\":696,\"height\":696,\"caption\":\"CAMPUS LACNIC\"},\"image\":{\"@id\":\"https:\/\/campus.lacnic.net\/#\/schema\/logo\/image\/\"}}]}<\/script>\n<!-- \/ Yoast SEO plugin. -->","yoast_head_json":{"title":"CAMPUS LACNIC &#8211; Docentes","robots":{"index":"index","follow":"follow","max-snippet":"max-snippet:-1","max-image-preview":"max-image-preview:large","max-video-preview":"max-video-preview:-1"},"canonical":"https:\/\/campus.lacnic.net\/pt-br\/docentes\/","og_locale":"pt_BR","og_type":"article","og_title":"CAMPUS LACNIC &#8211; Docentes","og_description":"Os nossos especialistas e instrutores est\u00e3o sempre se atualizando para facilitar a implementa\u00e7\u00e3o de novas tecnologias relacionadas aos recursos da Internet, incluindo o IPv6, seguran\u00e7a cibern\u00e9tica, IXP, RPKI, DNSSEC, entre outros e compartilhando seus conhecimentos nos cursos publicados.","og_url":"https:\/\/campus.lacnic.net\/pt-br\/docentes\/","og_site_name":"CAMPUS LACNIC","article_modified_time":"2025-11-07T13:00:10+00:00","og_image":[{"width":1200,"height":675,"url":"https:\/\/campus.lacnic.net\/wp-content\/uploads\/2024\/04\/lacnic-campus-image.png","type":"image\/png"}],"twitter_card":"summary_large_image","twitter_misc":{"Est. tempo de leitura":"1 minuto"},"schema":{"@context":"https:\/\/schema.org","@graph":[{"@type":"WebPage","@id":"https:\/\/campus.lacnic.net\/pt-br\/docentes\/","url":"https:\/\/campus.lacnic.net\/pt-br\/docentes\/","name":"CAMPUS LACNIC &#8211; Docentes","isPartOf":{"@id":"https:\/\/campus.lacnic.net\/#website"},"datePublished":"2023-10-24T16:37:33+00:00","dateModified":"2025-11-07T13:00:10+00:00","breadcrumb":{"@id":"https:\/\/campus.lacnic.net\/pt-br\/docentes\/#breadcrumb"},"inLanguage":"pt-BR","potentialAction":[{"@type":"ReadAction","target":["https:\/\/campus.lacnic.net\/pt-br\/docentes\/"]}]},{"@type":"BreadcrumbList","@id":"https:\/\/campus.lacnic.net\/pt-br\/docentes\/#breadcrumb","itemListElement":[{"@type":"ListItem","position":1,"name":"Portada","item":"https:\/\/campus.lacnic.net\/pt-br\/"},{"@type":"ListItem","position":2,"name":"Docentes"}]},{"@type":"WebSite","@id":"https:\/\/campus.lacnic.net\/#website","url":"https:\/\/campus.lacnic.net\/","name":"CAMPUS LACNIC","description":"","publisher":{"@id":"https:\/\/campus.lacnic.net\/#organization"},"potentialAction":[{"@type":"SearchAction","target":{"@type":"EntryPoint","urlTemplate":"https:\/\/campus.lacnic.net\/?s={search_term_string}"},"query-input":{"@type":"PropertyValueSpecification","valueRequired":true,"valueName":"search_term_string"}}],"inLanguage":"pt-BR"},{"@type":"Organization","@id":"https:\/\/campus.lacnic.net\/#organization","name":"CAMPUS LACNIC","url":"https:\/\/campus.lacnic.net\/","logo":{"@type":"ImageObject","inLanguage":"pt-BR","@id":"https:\/\/campus.lacnic.net\/#\/schema\/logo\/image\/","url":"https:\/\/campus.lacnic.net\/wp-content\/uploads\/2024\/04\/lacnic-campus-logo-seo.png","contentUrl":"https:\/\/campus.lacnic.net\/wp-content\/uploads\/2024\/04\/lacnic-campus-logo-seo.png","width":696,"height":696,"caption":"CAMPUS LACNIC"},"image":{"@id":"https:\/\/campus.lacnic.net\/#\/schema\/logo\/image\/"}}]}},"_links":{"self":[{"href":"https:\/\/campus.lacnic.net\/pt-br\/wp-json\/wp\/v2\/pages\/58","targetHints":{"allow":["GET"]}}],"collection":[{"href":"https:\/\/campus.lacnic.net\/pt-br\/wp-json\/wp\/v2\/pages"}],"about":[{"href":"https:\/\/campus.lacnic.net\/pt-br\/wp-json\/wp\/v2\/types\/page"}],"author":[{"embeddable":true,"href":"https:\/\/campus.lacnic.net\/pt-br\/wp-json\/wp\/v2\/users\/1"}],"replies":[{"embeddable":true,"href":"https:\/\/campus.lacnic.net\/pt-br\/wp-json\/wp\/v2\/comments?post=58"}],"version-history":[{"count":10,"href":"https:\/\/campus.lacnic.net\/pt-br\/wp-json\/wp\/v2\/pages\/58\/revisions"}],"predecessor-version":[{"id":1332,"href":"https:\/\/campus.lacnic.net\/pt-br\/wp-json\/wp\/v2\/pages\/58\/revisions\/1332"}],"wp:attachment":[{"href":"https:\/\/campus.lacnic.net\/pt-br\/wp-json\/wp\/v2\/media?parent=58"}],"curies":[{"name":"wp","href":"https:\/\/api.w.org\/{rel}","templated":true}]}}