{"id":56,"date":"2023-10-24T16:37:04","date_gmt":"2023-10-24T16:37:04","guid":{"rendered":"https:\/\/campus.lacnic.net\/?page_id=56"},"modified":"2026-02-06T19:39:08","modified_gmt":"2026-02-06T19:39:08","slug":"especializacoes","status":"publish","type":"page","link":"https:\/\/campus.lacnic.net\/pt-br\/especializacoes\/","title":{"rendered":"Que s\u00e3o as especializa\u00e7\u00f5es do Campus LACNIC?"},"content":{"rendered":"\n<p>As especializa\u00e7\u00f5es s\u00e3o um esquema de capacita\u00e7\u00e3o ordenado por n\u00edveis, e projetado para realizar os cursos do campus LACNIC, com o objetivo de obter uma certifica\u00e7\u00e3o nas 3 especialidades oferecidas, todas elas vinculadas \u00e0 opera\u00e7\u00e3o de redes.<\/p>\n\n\n\n<p>O objetivo deste esquema \u00e9 fornecer capacita\u00e7\u00e3o t\u00e9cnica aplicada e organizada em 3 n\u00edveis: b\u00e1sico, intermedi\u00e1rio e avan\u00e7ado, com a possibilidade de obter uma <a href=\"https:\/\/campus.lacnic.net\/pt-br\/certificacao\/\" target=\"_blank\" rel=\"noreferrer noopener\">certifica\u00e7\u00e3o endossada pelo LACNIC.<\/a><\/p>\n\n\n\n<p>Os tr\u00eas n\u00edveis estar\u00e3o dispon\u00edveis para que o aluno possa complet\u00e1-los na ordem que escolher e assim obter os n\u00edveis b\u00e1sico, intermedi\u00e1rio e avan\u00e7ado no per\u00edodo de tempo e na ordem que programe \u00e0 sua medida.<\/p>\n\n\n\n<h2 class=\"wp-block-heading\"><strong><strong>Esquema geral de capacita\u00e7\u00e3o<\/strong><\/strong><\/h2>\n\n\n\n<figure class=\"wp-block-image size-full\"><img decoding=\"async\" src=\"https:\/\/campus.lacnic.net\/wp-content\/uploads\/2025\/06\/esquema-especializaciones_pt.svg\" alt=\"\" class=\"wp-image-1243\"\/><\/figure>\n\n\n\n<div class=\"tabs\">\n<ul id=\"tabs-regular\">\n\t\t<li><a id=\"tabs-1\" href=\"#\">Especializa\u00e7\u00e3o<br>Opera\u00e7\u00e3o de redes ISP<\/a><\/li>\n<li><a id=\"tabs-2\" href=\"#\">Especializa\u00e7\u00e3o<br>Opera\u00e7\u00e3o de redes Data Centers<\/a><\/li>\n\t\t<li><a id=\"tabs-3\" href=\"#\">Especializa\u00e7\u00e3o<br>Opera\u00e7\u00e3o de redes Campus<\/a><\/li>\n\t<\/ul>\n\t<ul id=\"tabs-movil\">\n\t\t<li><a id=\"tabs-1\" href=\"#\">ISP<\/a><\/li>\n        <li><a id=\"tabs-2\" href=\"#\">Data Centers<\/a><\/li>\n\t\t<li><a id=\"tabs-3\" href=\"#\">Campus<\/a><\/li>\n\t<\/ul>\n\t<div id=\"tabs-1-content\">\n\t\t<h3>Perfil do graduado<\/h3>\n\t\t<p>O graduado poder\u00e1 operar uma rede IP, tanto no IPv4 quanto no IPv6, incorporando as \u00faltimas atualiza\u00e7\u00f5es em termos de roteamento seguro, interconex\u00e3o e Peering, e ferramentas atuais para o gerenciamento de redes.<\/p>\n\t\t<h3>Modalidade<\/h3>\n\t\t<p>100% online<\/p>\n\t\t<h3>Idioma<\/h3>\n\t\t<p>Espanhol (exceto o curso b\u00e1sico do IPv6 que tamb\u00e9m pode ser feito em ingl\u00eas)<\/p>\n\t\t<h3>Cursos<\/h3>\n<div class=\"espcursblock\">\n    <!-- nivel b\u00e1sico -->\n\t<div>\n\t\t<span><img decoding=\"async\" src=\"https:\/\/campus.lacnic.net\/wp-content\/themes\/campus-theme\/images\/espcurso-basico_pt.svg\"><\/span>\n\t\t<ul>\n            <li><a href=\"https:\/\/campus.lacnic.net\/cursos\/ipv6-basico\/\">IPv6 B\u00e1sico<\/a> \/ <a href=\"https:\/\/campus.lacnic.net\/en\/courses\/introduction-to-ipv6\/\">Introdu\u00e7\u00e3o ao IPv6<\/a><\/li>\n            <li><a href=\"https:\/\/campus.lacnic.net\/cursos\/introduccion-a-gestion-de-redes\/\">Introdu\u00e7\u00e3o ao gerenciamento de redes<\/a><\/li>\n            <li><a href=\"https:\/\/campus.lacnic.net\/cursos\/curso-introductorio-de-seguridad-en-redes\/\">Introdu\u00e7\u00e3o \u00e0 seguran\u00e7a em redes<\/a><\/li>\n            <li><a href=\"https:\/\/campus.lacnic.net\/cursos\/routing-basico\/\">Roteamento B\u00e1sico<\/a><\/li>\n        <\/ul>\n\t<\/div>\n    <!-- nivel intermedio -->\n    <div>\n\t\t<span><img decoding=\"async\" src=\"https:\/\/campus.lacnic.net\/wp-content\/themes\/campus-theme\/images\/espcurso-medio_pt.svg\"><\/span>\n\t\t<ul>\n            <li><a href=\"https:\/\/campus.lacnic.net\/cursos\/ipv6-avanzado\/\">IPv6 Avan\u00e7ado*<\/a><\/li>\n            <li><a href=\"https:\/\/campus.lacnic.net\/cursos\/fundamentos-de-bgp-e-introduccion-a-rpki\/\">Fundamentos do BGP e introdu\u00e7\u00e3o ao RPKI*<\/a><\/li>\n            <li><a href=\"https:\/\/campus.lacnic.net\/cursos\/bases-del-dns-instalacion-y-configuracion-moderna\/\">Bases do DNS, instala\u00e7\u00e3o e configura\u00e7\u00e3o moderna*<\/a><\/li>\n        <\/ul>\n\t<\/div>\n    <!-- nivel avanzado -->\n    <div>\n\t\t<span><img decoding=\"async\" src=\"https:\/\/campus.lacnic.net\/wp-content\/themes\/campus-theme\/images\/espcurso-avanzado_pt.svg\"><\/span>\n\t\t<ul>\n            <li><a href=\"https:\/\/campus.lacnic.net\/cursos\/ipv6-en-redes-masivas\/\">O IPv6 nas redes em massa*<\/a><\/li>\n            <li><a href=\"https:\/\/campus.lacnic.net\/cursos\/seguridad-en-bgp-con-rpki-e-irr\/\">Seguran\u00e7a no BGP com o RPKI e IRR*<\/a><\/li>\n            <li><a href=\"https:\/\/campus.lacnic.net\/cursos\/interconexion-de-sistemas-autonomos-publica-y-privada\/\">Interconex\u00e3o de Sistemas Aut\u00f4nomos p\u00fablica e privada*<\/a><\/li>\n            <li><a href=\"https:\/\/campus.lacnic.net\/cursos\/gestion-avanzada-de-redes\/\">Gerenciamento avan\u00e7ado de redes*<\/a><\/li>\n        <\/ul>\n\t<\/div>\n<\/div>\n\t\t<p>*Curso obrigat\u00f3rio. Para ter acesso ao exame de certifica\u00e7\u00e3o presencial, \u00e9 necess\u00e1rio ser aprovado em pelo menos todos os <a href=\"https:\/\/campus.lacnic.net\/pt-br\/cursos-obligatorios\/\" target=\"_blank\" rel=\"noopener\">cursos obrigat\u00f3rios<\/a> de cada especializa\u00e7\u00e3o escolhida.<\/p>\n\t\t<h3>Vers\u00f5es v\u00e1lidas dos cursos<\/h3>\n\t\t<p>Se um aluno\/a aprovou previamente as vers\u00f5es v\u00e1lidas e atualizadas desses cursos, tamb\u00e9m pode concluir o esquema de especializa\u00e7\u00e3o. Se o aluno fez um curso em uma vers\u00e3o que n\u00e3o est\u00e1 <a href=\"https:\/\/campus.lacnic.net\/pt-br\/cursos-validos\/\" target=\"_blank\" rel=\"noopener\">nesta lista<\/a>, esse curso n\u00e3o poder\u00e1 ser validado e, portanto, ter\u00e1 que fazer a capacita\u00e7\u00e3o na vers\u00e3o atual ou fazer o exame final desta \u00faltima vers\u00e3o.<\/p>\n<h3>Certifica\u00e7\u00e3o<\/h3>\n<p>Uma vez aprovados os 3 n\u00edveis desta especializa\u00e7\u00e3o, o LACNIC dar\u00e1 a possibilidade aos alunos\/as do Campus de fazer um exame de certifica\u00e7\u00e3o que respalde os conhecimentos t\u00e9cnicos adquiridos. <a href=\"https:\/\/campus.lacnic.net\/pt-br\/certificacao\/\">Mais informa\u00e7\u00f5es aqui.<\/a><\/p>\n\t<\/div>\n\t<div id=\"tabs-2-content\">\n\t\t<h3>Perfil do graduado<\/h3>\n\t\t<p>O graduado ser\u00e1 treinado para operar datacenters modernos baseados no BGP, com foco no IPv6, virtualiza\u00e7\u00e3o, tecnologias atuais de servi\u00e7os VPN e ferramentas atuais para o gerenciamento de redes.<\/p>\n\t\t<h3>Modalidade<\/h3>\n\t\t<p>100% online<\/p>\n\t\t<h3>Idioma<\/h3>\n\t\t<p>Espa\u00f1ol (a excepci\u00f3n del curso de IPv6 b\u00e1sico que tambi\u00e9n se puede realizar en ingl\u00e9s)<\/p>\n\t\t<h3>Cursos<\/h3>\n\t\t<div class=\"espcursblock\">\n    <!-- nivel b\u00e1sico -->\n\t<div>\n\t\t<span><img decoding=\"async\" src=\"https:\/\/campus.lacnic.net\/wp-content\/themes\/campus-theme\/images\/espcurso-basico_pt.svg\"><\/span>\n\t\t<ul>\n            <li><a href=\"https:\/\/campus.lacnic.net\/cursos\/ipv6-basico\/\">IPv6 B\u00e1sico<\/a> \/ <a href=\"https:\/\/campus.lacnic.net\/en\/courses\/introduction-to-ipv6\/\">Introdu\u00e7\u00e3o ao IPv6<\/a><\/li>\n            <li><a href=\"https:\/\/campus.lacnic.net\/cursos\/introduccion-a-gestion-de-redes\/\">Introdu\u00e7\u00e3o ao gerenciamento de redes<\/a><\/li>\n            <li><a href=\"https:\/\/campus.lacnic.net\/cursos\/curso-introductorio-de-seguridad-en-redes\/\">Introdu\u00e7\u00e3o \u00e0 seguran\u00e7a em redes<\/a><\/li>\n            <li><a href=\"https:\/\/campus.lacnic.net\/cursos\/routing-basico\/\">Roteamento B\u00e1sico<\/a><\/li>\n        <\/ul>\n\t<\/div>\n    <!-- nivel intermedio -->\n    <div>\n\t\t<span><img decoding=\"async\" src=\"https:\/\/campus.lacnic.net\/wp-content\/themes\/campus-theme\/images\/espcurso-medio_pt.svg\"><\/span>\n\t\t<ul>\n            <li><a href=\"https:\/\/campus.lacnic.net\/cursos\/fundamentos-de-bgp-e-introduccion-a-rpki\/\">Fundamentos do BGP e introdu\u00e7\u00e3o ao RPKI*<\/a><\/li>\n            <li><a href=\"https:\/\/campus.lacnic.net\/cursos\/bases-del-dns-instalacion-y-configuracion-moderna\/\">Bases do DNS, instala\u00e7\u00e3o e configura\u00e7\u00e3o moderna*<\/a><\/li>\n            <li><a href=\"https:\/\/campus.lacnic.net\/cursos\/ipv6-en-data-centers\/\">O IPv6 em Data Centers*<\/a><\/li>\n      <\/ul>\n\t<\/div>\n    <!-- nivel avanzado -->\n    <div>\n\t\t<span><img decoding=\"async\" src=\"https:\/\/campus.lacnic.net\/wp-content\/themes\/campus-theme\/images\/espcurso-avanzado_pt.svg\"><\/span>\n\t\t<ul>\n            <li><a href=\"https:\/\/campus.lacnic.net\/cursos\/interconexion-de-sistemas-autonomos-publica-y-privada\/\">Interconex\u00e3o de Sistemas Aut\u00f4nomos p\u00fablica e privada*<\/a><\/li>\n            <li><a href=\"https:\/\/campus.lacnic.net\/cursos\/gestion-avanzada-de-redes\/\">Gerenciamento avan\u00e7ado de redes*<\/a><\/li>\n            <li><a href=\"https:\/\/campus.lacnic.net\/cursos\/servicios-avanzados-de-data-centers\/\">Servi\u00e7os avan\u00e7ados de Data Centers*<\/a><\/li>\n      <\/ul>\n\t<\/div>\n<\/div>\n\t\t<p>*Curso obrigat\u00f3rio. Para ter acesso ao exame de certifica\u00e7\u00e3o presencial, \u00e9 necess\u00e1rio ser aprovado em pelo menos todos os <a href=\"https:\/\/campus.lacnic.net\/pt-br\/cursos-obligatorios\/\" target=\"_blank\" rel=\"noopener\">cursos obrigat\u00f3rios<\/a> de cada especializa\u00e7\u00e3o escolhida.<\/p>\n\t\t<h3>Vers\u00f5es v\u00e1lidas dos cursos<\/h3>\n\t\t<p>Se um aluno\/a aprovou previamente as vers\u00f5es v\u00e1lidas e atualizadas desses cursos, tamb\u00e9m pode concluir o esquema de especializa\u00e7\u00e3o. Se o aluno fez um curso em uma vers\u00e3o que n\u00e3o est\u00e1 <a href=\"https:\/\/campus.lacnic.net\/pt-br\/cursos-validos\/\" target=\"_blank\" rel=\"noopener\">nesta lista<\/a>, esse curso n\u00e3o poder\u00e1 ser validado e, portanto, ter\u00e1 que fazer a capacita\u00e7\u00e3o na vers\u00e3o atual ou fazer o exame final desta \u00faltima vers\u00e3o.<\/p> \n<h3>Certifica\u00e7\u00e3o<\/h3>\n<p>Uma vez aprovados os 3 n\u00edveis desta especializa\u00e7\u00e3o, o LACNIC dar\u00e1 a possibilidade aos alunos\/as do Campus de fazer um exame de certifica\u00e7\u00e3o que respalde os conhecimentos t\u00e9cnicos adquiridos. <a href=\"https:\/\/campus.lacnic.net\/pt-br\/certificacao\/\">Mais informa\u00e7\u00f5es aqui.<\/a><\/p>\n  <\/div>\n    <div id=\"tabs-3-content\">\n\t\t<h3>Perfil do graduado<\/h3>\n\t\t<p>Ser\u00e1 competente na opera\u00e7\u00e3o de redes LAN\/WLAN IPv4 e IPv6 com grande n\u00famero de usu\u00e1rios e servi\u00e7os, como as redes universit\u00e1rias, NREN, redes internas com m\u00faltiplas sedes, entre outras.<\/p>\n\t\t<h3>Modalidade<\/h3>\n\t\t<p>100% online<\/p>\n\t\t<h3>Idioma<\/h3>\n\t\t<p>Espa\u00f1ol (a excepci\u00f3n del curso de IPv6 b\u00e1sico que tambi\u00e9n se puede realizar en ingl\u00e9s)<\/p>\n\t\t<h3>Cursos<\/h3>\n\t\t<div class=\"espcursblock\">\n    <!-- nivel b\u00e1sico -->\n\t<div>\n\t\t<span><img decoding=\"async\" src=\"https:\/\/campus.lacnic.net\/wp-content\/themes\/campus-theme\/images\/espcurso-basico_pt.svg\"><\/span>\n\t\t<ul>\n            <li><a href=\"https:\/\/campus.lacnic.net\/cursos\/ipv6-basico\/\">IPv6 B\u00e1sico<\/a> \/ <a href=\"https:\/\/campus.lacnic.net\/en\/courses\/introduction-to-ipv6\/\">Introdu\u00e7\u00e3o ao IPv6<\/a><\/li>\n            <li><a href=\"https:\/\/campus.lacnic.net\/cursos\/introduccion-a-gestion-de-redes\/\">Introdu\u00e7\u00e3o ao gerenciamento de redes<\/a><\/li>\n            <li><a href=\"https:\/\/campus.lacnic.net\/cursos\/curso-introductorio-de-seguridad-en-redes\/\">Introdu\u00e7\u00e3o \u00e0 seguran\u00e7a em redes<\/a><\/li>\n            <li><a href=\"https:\/\/campus.lacnic.net\/cursos\/routing-basico\/\">Roteamento B\u00e1sico<\/a><\/li>\n        <\/ul>\n\t<\/div>\n    <!-- nivel intermedio -->\n    <div>\n\t\t<span><img decoding=\"async\" src=\"https:\/\/campus.lacnic.net\/wp-content\/themes\/campus-theme\/images\/espcurso-medio_pt.svg\"><\/span>\n\t\t<ul>\n            <li><a href=\"https:\/\/campus.lacnic.net\/cursos\/bases-del-dns-instalacion-y-configuracion-moderna\/\">Bases do DNS, instala\u00e7\u00e3o e configura\u00e7\u00e3o moderna*<\/a><\/li>\n            <li><a href=\"https:\/\/campus.lacnic.net\/cursos\/ipv6-campus\/\">O IPv6 no Campus<\/a><\/li>\n            <li><a href=\"https:\/\/campus.lacnic.net\/cursos\/introductorio-de-wireless-lan\/\">Introdu\u00e7\u00e3o \u00e0 Wireless LAN<\/a><\/li>\n      <\/ul>\n\t<\/div>\n    <!-- nivel avanzado -->\n    <div>\n\t\t<span><img decoding=\"async\" src=\"https:\/\/campus.lacnic.net\/wp-content\/themes\/campus-theme\/images\/espcurso-avanzado_pt.svg\"><\/span>\n\t\t<ul>\n            <li><a href=\"https:\/\/campus.lacnic.net\/cursos\/seguridad-en-bgp-con-rpki-e-irr\/\">Seguran\u00e7a no BGP com o RPKI e IRR*<\/a><\/li>\n            <li><a href=\"https:\/\/campus.lacnic.net\/cursos\/gestion-avanzada-de-redes\/\">Gerenciamento avan\u00e7ado de redes*<\/a><\/li>\n            <li><a href=\"https:\/\/campus.lacnic.net\/cursos\/wireless-lan-avanzado\/\">Wireless LAN avan\u00e7ado<\/a><\/li>\n      <\/ul>\n\t<\/div>\n<\/div>\n\t\t<p>*Curso obrigat\u00f3rio. Para ter acesso ao exame de certifica\u00e7\u00e3o presencial, \u00e9 necess\u00e1rio ser aprovado em pelo menos todos os <a href=\"https:\/\/campus.lacnic.net\/pt-br\/cursos-obligatorios\/\" target=\"_blank\" rel=\"noopener\">cursos obrigat\u00f3rios<\/a> de cada especializa\u00e7\u00e3o escolhida.<\/p>\n\t\t<h3>Vers\u00f5es v\u00e1lidas dos cursos<\/h3>\n\t\t<p>Se um aluno\/a aprovou previamente as vers\u00f5es v\u00e1lidas e atualizadas desses cursos, tamb\u00e9m pode concluir o esquema de especializa\u00e7\u00e3o. Se o aluno fez um curso em uma vers\u00e3o que n\u00e3o est\u00e1 <a href=\"https:\/\/campus.lacnic.net\/pt-br\/cursos-validos\/\" target=\"_blank\" rel=\"noopener\">nesta lista<\/a>, esse curso n\u00e3o poder\u00e1 ser validado e, portanto, ter\u00e1 que fazer a capacita\u00e7\u00e3o na vers\u00e3o atual ou fazer o exame final desta \u00faltima vers\u00e3o.<\/p>\n<h3>Certifica\u00e7\u00e3o<\/h3>\n<p>Uma vez aprovados os 3 n\u00edveis desta especializa\u00e7\u00e3o, o LACNIC dar\u00e1 a possibilidade aos alunos\/as do Campus de fazer um exame de certifica\u00e7\u00e3o que respalde os conhecimentos t\u00e9cnicos adquiridos. <a href=\"https:\/\/campus.lacnic.net\/pt-br\/certificacao\/\">Mais informa\u00e7\u00f5es aqui.<\/a><\/p>\t\n  <\/div>\n<\/div>\n\n\n\n<div id=\"botones\">\n\t<a href=\"https:\/\/campus.lacnic.net\/pt-br\/faq\/#faqespecializaciones\">\n\t\t<div>\n\t\t\t<img decoding=\"async\" src=\"https:\/\/campus.lacnic.net\/wp-content\/themes\/campus-theme\/images\/home_faq.svg\">\n\t\t\t<span>Perguntas frequentes<\/span>\n\t\t<\/div>\n\t<\/a>\n<\/div>\n","protected":false},"excerpt":{"rendered":"<p>As especializa\u00e7\u00f5es s\u00e3o um esquema de capacita\u00e7\u00e3o ordenado por n\u00edveis, e projetado para realizar os cursos do campus LACNIC, com o objetivo de obter uma certifica\u00e7\u00e3o nas 3 especialidades oferecidas, todas elas vinculadas \u00e0 opera\u00e7\u00e3o de redes. O objetivo deste esquema \u00e9 fornecer capacita\u00e7\u00e3o t\u00e9cnica aplicada e organizada em 3 n\u00edveis: b\u00e1sico, intermedi\u00e1rio e avan\u00e7ado, [&hellip;]<\/p>\n","protected":false},"author":1,"featured_media":0,"parent":0,"menu_order":0,"comment_status":"closed","ping_status":"closed","template":"","meta":{"_acf_changed":false,"footnotes":""},"class_list":["post-56","page","type-page","status-publish","hentry"],"acf":[],"yoast_head":"<!-- This site is optimized with the Yoast SEO plugin v26.4 - https:\/\/yoast.com\/wordpress\/plugins\/seo\/ -->\n<title>CAMPUS LACNIC &#8211; Que s\u00e3o as especializa\u00e7\u00f5es do Campus LACNIC?<\/title>\n<meta name=\"robots\" content=\"index, follow, max-snippet:-1, max-image-preview:large, max-video-preview:-1\" \/>\n<link rel=\"canonical\" href=\"https:\/\/campus.lacnic.net\/pt-br\/especializacoes\/\" \/>\n<meta property=\"og:locale\" content=\"pt_BR\" \/>\n<meta property=\"og:type\" content=\"article\" \/>\n<meta property=\"og:title\" content=\"CAMPUS LACNIC &#8211; Que s\u00e3o as especializa\u00e7\u00f5es do Campus LACNIC?\" \/>\n<meta property=\"og:description\" content=\"As especializa\u00e7\u00f5es s\u00e3o um esquema de capacita\u00e7\u00e3o ordenado por n\u00edveis, e projetado para realizar os cursos do campus LACNIC, com o objetivo de obter uma certifica\u00e7\u00e3o nas 3 especialidades oferecidas, todas elas vinculadas \u00e0 opera\u00e7\u00e3o de redes. O objetivo deste esquema \u00e9 fornecer capacita\u00e7\u00e3o t\u00e9cnica aplicada e organizada em 3 n\u00edveis: b\u00e1sico, intermedi\u00e1rio e avan\u00e7ado, [&hellip;]\" \/>\n<meta property=\"og:url\" content=\"https:\/\/campus.lacnic.net\/pt-br\/especializacoes\/\" \/>\n<meta property=\"og:site_name\" content=\"CAMPUS LACNIC\" \/>\n<meta property=\"article:modified_time\" content=\"2026-02-06T19:39:08+00:00\" \/>\n<meta property=\"og:image\" content=\"https:\/\/campus.lacnic.net\/wp-content\/uploads\/2024\/04\/lacnic-campus-image.png\" \/>\n\t<meta property=\"og:image:width\" content=\"1200\" \/>\n\t<meta property=\"og:image:height\" content=\"675\" \/>\n\t<meta property=\"og:image:type\" content=\"image\/png\" \/>\n<meta name=\"twitter:card\" content=\"summary_large_image\" \/>\n<meta name=\"twitter:label1\" content=\"Est. tempo de leitura\" \/>\n\t<meta name=\"twitter:data1\" content=\"6 minutos\" \/>\n<script type=\"application\/ld+json\" class=\"yoast-schema-graph\">{\"@context\":\"https:\/\/schema.org\",\"@graph\":[{\"@type\":\"WebPage\",\"@id\":\"https:\/\/campus.lacnic.net\/pt-br\/especializacoes\/\",\"url\":\"https:\/\/campus.lacnic.net\/pt-br\/especializacoes\/\",\"name\":\"CAMPUS LACNIC &#8211; Que s\u00e3o as especializa\u00e7\u00f5es do Campus LACNIC?\",\"isPartOf\":{\"@id\":\"https:\/\/campus.lacnic.net\/#website\"},\"primaryImageOfPage\":{\"@id\":\"https:\/\/campus.lacnic.net\/pt-br\/especializacoes\/#primaryimage\"},\"image\":{\"@id\":\"https:\/\/campus.lacnic.net\/pt-br\/especializacoes\/#primaryimage\"},\"thumbnailUrl\":\"https:\/\/campus.lacnic.net\/wp-content\/uploads\/2025\/06\/esquema-especializaciones_pt.svg\",\"datePublished\":\"2023-10-24T16:37:04+00:00\",\"dateModified\":\"2026-02-06T19:39:08+00:00\",\"breadcrumb\":{\"@id\":\"https:\/\/campus.lacnic.net\/pt-br\/especializacoes\/#breadcrumb\"},\"inLanguage\":\"pt-BR\",\"potentialAction\":[{\"@type\":\"ReadAction\",\"target\":[\"https:\/\/campus.lacnic.net\/pt-br\/especializacoes\/\"]}]},{\"@type\":\"ImageObject\",\"inLanguage\":\"pt-BR\",\"@id\":\"https:\/\/campus.lacnic.net\/pt-br\/especializacoes\/#primaryimage\",\"url\":\"https:\/\/campus.lacnic.net\/wp-content\/uploads\/2025\/06\/esquema-especializaciones_pt.svg\",\"contentUrl\":\"https:\/\/campus.lacnic.net\/wp-content\/uploads\/2025\/06\/esquema-especializaciones_pt.svg\"},{\"@type\":\"BreadcrumbList\",\"@id\":\"https:\/\/campus.lacnic.net\/pt-br\/especializacoes\/#breadcrumb\",\"itemListElement\":[{\"@type\":\"ListItem\",\"position\":1,\"name\":\"Portada\",\"item\":\"https:\/\/campus.lacnic.net\/pt-br\/\"},{\"@type\":\"ListItem\",\"position\":2,\"name\":\"Que s\u00e3o as especializa\u00e7\u00f5es do Campus LACNIC?\"}]},{\"@type\":\"WebSite\",\"@id\":\"https:\/\/campus.lacnic.net\/#website\",\"url\":\"https:\/\/campus.lacnic.net\/\",\"name\":\"CAMPUS LACNIC\",\"description\":\"\",\"publisher\":{\"@id\":\"https:\/\/campus.lacnic.net\/#organization\"},\"potentialAction\":[{\"@type\":\"SearchAction\",\"target\":{\"@type\":\"EntryPoint\",\"urlTemplate\":\"https:\/\/campus.lacnic.net\/?s={search_term_string}\"},\"query-input\":{\"@type\":\"PropertyValueSpecification\",\"valueRequired\":true,\"valueName\":\"search_term_string\"}}],\"inLanguage\":\"pt-BR\"},{\"@type\":\"Organization\",\"@id\":\"https:\/\/campus.lacnic.net\/#organization\",\"name\":\"CAMPUS LACNIC\",\"url\":\"https:\/\/campus.lacnic.net\/\",\"logo\":{\"@type\":\"ImageObject\",\"inLanguage\":\"pt-BR\",\"@id\":\"https:\/\/campus.lacnic.net\/#\/schema\/logo\/image\/\",\"url\":\"https:\/\/campus.lacnic.net\/wp-content\/uploads\/2024\/04\/lacnic-campus-logo-seo.png\",\"contentUrl\":\"https:\/\/campus.lacnic.net\/wp-content\/uploads\/2024\/04\/lacnic-campus-logo-seo.png\",\"width\":696,\"height\":696,\"caption\":\"CAMPUS LACNIC\"},\"image\":{\"@id\":\"https:\/\/campus.lacnic.net\/#\/schema\/logo\/image\/\"}}]}<\/script>\n<!-- \/ Yoast SEO plugin. -->","yoast_head_json":{"title":"CAMPUS LACNIC &#8211; Que s\u00e3o as especializa\u00e7\u00f5es do Campus LACNIC?","robots":{"index":"index","follow":"follow","max-snippet":"max-snippet:-1","max-image-preview":"max-image-preview:large","max-video-preview":"max-video-preview:-1"},"canonical":"https:\/\/campus.lacnic.net\/pt-br\/especializacoes\/","og_locale":"pt_BR","og_type":"article","og_title":"CAMPUS LACNIC &#8211; Que s\u00e3o as especializa\u00e7\u00f5es do Campus LACNIC?","og_description":"As especializa\u00e7\u00f5es s\u00e3o um esquema de capacita\u00e7\u00e3o ordenado por n\u00edveis, e projetado para realizar os cursos do campus LACNIC, com o objetivo de obter uma certifica\u00e7\u00e3o nas 3 especialidades oferecidas, todas elas vinculadas \u00e0 opera\u00e7\u00e3o de redes. O objetivo deste esquema \u00e9 fornecer capacita\u00e7\u00e3o t\u00e9cnica aplicada e organizada em 3 n\u00edveis: b\u00e1sico, intermedi\u00e1rio e avan\u00e7ado, [&hellip;]","og_url":"https:\/\/campus.lacnic.net\/pt-br\/especializacoes\/","og_site_name":"CAMPUS LACNIC","article_modified_time":"2026-02-06T19:39:08+00:00","og_image":[{"width":1200,"height":675,"url":"https:\/\/campus.lacnic.net\/wp-content\/uploads\/2024\/04\/lacnic-campus-image.png","type":"image\/png"}],"twitter_card":"summary_large_image","twitter_misc":{"Est. tempo de leitura":"6 minutos"},"schema":{"@context":"https:\/\/schema.org","@graph":[{"@type":"WebPage","@id":"https:\/\/campus.lacnic.net\/pt-br\/especializacoes\/","url":"https:\/\/campus.lacnic.net\/pt-br\/especializacoes\/","name":"CAMPUS LACNIC &#8211; Que s\u00e3o as especializa\u00e7\u00f5es do Campus LACNIC?","isPartOf":{"@id":"https:\/\/campus.lacnic.net\/#website"},"primaryImageOfPage":{"@id":"https:\/\/campus.lacnic.net\/pt-br\/especializacoes\/#primaryimage"},"image":{"@id":"https:\/\/campus.lacnic.net\/pt-br\/especializacoes\/#primaryimage"},"thumbnailUrl":"https:\/\/campus.lacnic.net\/wp-content\/uploads\/2025\/06\/esquema-especializaciones_pt.svg","datePublished":"2023-10-24T16:37:04+00:00","dateModified":"2026-02-06T19:39:08+00:00","breadcrumb":{"@id":"https:\/\/campus.lacnic.net\/pt-br\/especializacoes\/#breadcrumb"},"inLanguage":"pt-BR","potentialAction":[{"@type":"ReadAction","target":["https:\/\/campus.lacnic.net\/pt-br\/especializacoes\/"]}]},{"@type":"ImageObject","inLanguage":"pt-BR","@id":"https:\/\/campus.lacnic.net\/pt-br\/especializacoes\/#primaryimage","url":"https:\/\/campus.lacnic.net\/wp-content\/uploads\/2025\/06\/esquema-especializaciones_pt.svg","contentUrl":"https:\/\/campus.lacnic.net\/wp-content\/uploads\/2025\/06\/esquema-especializaciones_pt.svg"},{"@type":"BreadcrumbList","@id":"https:\/\/campus.lacnic.net\/pt-br\/especializacoes\/#breadcrumb","itemListElement":[{"@type":"ListItem","position":1,"name":"Portada","item":"https:\/\/campus.lacnic.net\/pt-br\/"},{"@type":"ListItem","position":2,"name":"Que s\u00e3o as especializa\u00e7\u00f5es do Campus LACNIC?"}]},{"@type":"WebSite","@id":"https:\/\/campus.lacnic.net\/#website","url":"https:\/\/campus.lacnic.net\/","name":"CAMPUS LACNIC","description":"","publisher":{"@id":"https:\/\/campus.lacnic.net\/#organization"},"potentialAction":[{"@type":"SearchAction","target":{"@type":"EntryPoint","urlTemplate":"https:\/\/campus.lacnic.net\/?s={search_term_string}"},"query-input":{"@type":"PropertyValueSpecification","valueRequired":true,"valueName":"search_term_string"}}],"inLanguage":"pt-BR"},{"@type":"Organization","@id":"https:\/\/campus.lacnic.net\/#organization","name":"CAMPUS LACNIC","url":"https:\/\/campus.lacnic.net\/","logo":{"@type":"ImageObject","inLanguage":"pt-BR","@id":"https:\/\/campus.lacnic.net\/#\/schema\/logo\/image\/","url":"https:\/\/campus.lacnic.net\/wp-content\/uploads\/2024\/04\/lacnic-campus-logo-seo.png","contentUrl":"https:\/\/campus.lacnic.net\/wp-content\/uploads\/2024\/04\/lacnic-campus-logo-seo.png","width":696,"height":696,"caption":"CAMPUS LACNIC"},"image":{"@id":"https:\/\/campus.lacnic.net\/#\/schema\/logo\/image\/"}}]}},"_links":{"self":[{"href":"https:\/\/campus.lacnic.net\/pt-br\/wp-json\/wp\/v2\/pages\/56","targetHints":{"allow":["GET"]}}],"collection":[{"href":"https:\/\/campus.lacnic.net\/pt-br\/wp-json\/wp\/v2\/pages"}],"about":[{"href":"https:\/\/campus.lacnic.net\/pt-br\/wp-json\/wp\/v2\/types\/page"}],"author":[{"embeddable":true,"href":"https:\/\/campus.lacnic.net\/pt-br\/wp-json\/wp\/v2\/users\/1"}],"replies":[{"embeddable":true,"href":"https:\/\/campus.lacnic.net\/pt-br\/wp-json\/wp\/v2\/comments?post=56"}],"version-history":[{"count":31,"href":"https:\/\/campus.lacnic.net\/pt-br\/wp-json\/wp\/v2\/pages\/56\/revisions"}],"predecessor-version":[{"id":1491,"href":"https:\/\/campus.lacnic.net\/pt-br\/wp-json\/wp\/v2\/pages\/56\/revisions\/1491"}],"wp:attachment":[{"href":"https:\/\/campus.lacnic.net\/pt-br\/wp-json\/wp\/v2\/media?parent=56"}],"curies":[{"name":"wp","href":"https:\/\/api.w.org\/{rel}","templated":true}]}}