{"id":54,"date":"2023-10-25T17:50:44","date_gmt":"2023-10-25T17:50:44","guid":{"rendered":"https:\/\/campus.lacnic.net\/?page_id=54"},"modified":"2024-12-16T19:59:57","modified_gmt":"2024-12-16T19:59:57","slug":"faq","status":"publish","type":"page","link":"https:\/\/campus.lacnic.net\/pt-br\/faq\/","title":{"rendered":"FAQ"},"content":{"rendered":"\n<h2 id=\"faqcampus\">Sobre o CAMPUS<\/h2>\n<div class=\"acordeon\">\n\t<div> \n\t\t<a href=\"#\">Como posso me inscrever aos cursos do Campus LACNIC?<\/a>\n\t\t  <div>\n\t\t\t<p>Se voc\u00ea n\u00e3o for associado do LACNIC, deve se inscrever por meio do Sistema de Eventos do LACNIC: <a href=\"http:\/\/eventos.lacnic.net\" target=\"_blank\" rel=\"noopener\">http:\/\/eventos.lacnic.net<\/a><\/p>\n<p>Confira o v\u00eddeo instrutivo do processo de inscri\u00e7\u00e3o: <a href=\"https:\/\/youtu.be\/9x_G_J1n804\" target=\"_blank\" rel=\"noopener\">https:\/\/youtu.be\/9x_G_J1n804<\/a><\/p>\n<p>Por consultas escreva para <a href=\"mailto:campus@lacnic.net\">campus@lacnic.net<\/a><\/p>\n\t  <\/div>\n\t<\/div>\n\t<div> \n\t\t<a href=\"#\">Como posso me inscrever aos cursos se eu for associado do LACNIC?<\/a>\n\t\t  <div>\n\t\t\t<p>As organiza\u00e7\u00f5es associadas do LACNIC devem se inscrever por meio do portal Mi LACNIC com os usu\u00e1rios que foram registrados no banco de dados do LACNIC. Confira v\u00eddeo instrutivo para associados: <a href=\"https:\/\/www.youtube.com\/watch?v=PeCfjfD0FD8&#038;t=25s\" target=\"_blank\" rel=\"noopener\">https:\/\/www.youtube.com\/watch?v=PeCfjfD0FD8&#038;t=25s<\/a><\/p>\n<p>Por consultas escreva par <a href=\"mailto:membresia@lacnic.net\">membresia@lacnic.net<\/a><\/p>\n\t\t<\/div>\n\t<\/div>\n\t<div> \n\t\t<a href=\"#\">Como fa\u00e7o para acessar o curso ao qual me inscrevi?<\/a>\n\t\t  <div>\n\t\t\t<p>Voc\u00ea deve entrar na plataforma do Campus LACNIC e clicar no bot\u00e3o &#8220;Acessar&#8221;, depois escrever seu nome de usu\u00e1rio e senha conforme aparece no e-mail de acesso ao campus que voc\u00ea recebeu no mesmo dia em que o curso come\u00e7ou.<\/p>\n<p>Se voc\u00ea n\u00e3o recebeu esse e-mail ou est\u00e1 com problemas para acessar, entre em contato conosco pelo e-mail <a href=\"mailto:campus@lacnic.net\">campus@lacnic.net<\/a><\/p>\n\t\t<\/div>\n\t<\/div>\n\t<div> \n\t\t<a href=\"#\">Posso criar um usu\u00e1rio diretamente no Campus LACNIC?<\/a>\n\t\t  <div>\n\t\t\t<p>Pode n\u00e3o. As credenciais (usu\u00e1rio e senha) s\u00e3o enviadas automaticamente desde o Sistema de Eventos do LACNIC, ap\u00f3s concluir o processo de inscri\u00e7\u00e3o em um curso.<\/p>\n\t\t<\/div>\n\t<\/div>\n\t<div> \n\t\t<a href=\"#\">Como posso saber a data de inscri\u00e7\u00e3o nos cursos?<\/a>\n\t\t  <div>\n\t\t\t<p>Voc\u00ea poder\u00e1 consultar as datas de inscri\u00e7\u00e3o para todos os cursos <a href=\"https:\/\/campus.lacnic.net\/pt-br\/calendario\/\" target=\"_blank\" rel=\"noopener\">no calend\u00e1rio de capacita\u00e7\u00f5es<\/a> do Campus LACNIC.<\/p>\n\t\t<\/div>\n\t<\/div>\n\t<div> \n\t\t<a href=\"#\">Onde encontro as informa\u00e7\u00f5es de cada curso?<\/a>\n\t\t  <div>\n\t\t\t<p>Voc\u00ea pode encontrar informa\u00e7\u00f5es gerais e detalhadas sobre todos os cursos entrando em <a href=\"https:\/\/campus.lacnic.net\/pt-br\/cursos\/\" target=\"_blank\" rel=\"noopener\">https:\/\/campus.lacnic.net\/cursos\/<\/a>. Al\u00e9m disso, em cada p\u00e1gina informativa do curso voc\u00ea vai ter um link que o levar\u00e1 direto para a inscri\u00e7\u00e3o no curso (segundo per\u00edodo de inscri\u00e7\u00e3o).<\/p>\n\t\t<\/div>\n\t<\/div>\n\t<div> \n\t\t<a href=\"#\">Quais cursos t\u00eam taxa de inscri\u00e7\u00e3o?<\/a>\n\t\t  <div>\n\t\t\t<p>Os cursos na modalidade assistida por tutor t\u00eam uma taxa de inscri\u00e7\u00e3o.<\/p>\n<p>Os alunos que n\u00e3o forem aprovados ou n\u00e3o conclu\u00edrem o curso e decidirem refaz\u00ea-lo dever\u00e3o efetuar novamente o pagamento integral da inscri\u00e7\u00e3o. Os cursos na modalidade autoassistida s\u00e3o totalmente gratuitos.<\/p>\n\t\t<\/div>\n\t<\/div>\n<\/div>\n<!-- -->\n<h2 id=\"faqmodalidades\">Modalidades dos cursos<\/h2>\n<p>Os cursos oferecidos pelo Campus LACNIC t\u00eam uma modalidade virtual <strong>autoassistida<\/strong> e outra <strong>assistida por tutor<\/strong>.<\/p>\n<h3>Curso na modalidade autoassistida<\/h3>\n<p>O aluno passar\u00e1 por m\u00f3dulos nos quais poder\u00e1 visualizar material audiovisual, te\u00f3rico e autoavalia\u00e7\u00f5es para ajud\u00e1-lo na experi\u00eancia de aprendizado Os cursos nesta modalidade s\u00e3o totalmente gratuitos.<\/p>\n<div class=\"acordeon\">\n\t<div> \n\t\t<a href=\"#\">Qual \u00e9 o cronograma para desenvolver o curso?<\/a>\n\t\t  <div>\n\t\t<p>O curso n\u00e3o tem hor\u00e1rio. O aluno poder\u00e1 acessar o conte\u00fado do curso 24 horas por dia durante a dura\u00e7\u00e3o da capacita\u00e7\u00e3o, isso lhe permitir\u00e1 avan\u00e7ar nos hor\u00e1rios que lhe forem convenientes. O \u00fanico hor\u00e1rio a ser levado em conta ser\u00e1 para o in\u00edcio e o encerramento do curso marcado \u00e0s 18h UTC (Coordinated Universal Time).<\/p>\n\t\t<\/div>\n\t<\/div>\n\t<div> \n\t\t<a href=\"#\">Qual \u00e9 a dura\u00e7\u00e3o de um curso autoassistido?<\/a>\n\t\t  <div><p>Os cursos autoassistidos podem durar entre 4 e 12 semanas, dependendo do tema do curso.<\/p><\/div>\n\t<\/div>\n\t<div> \n\t\t<a href=\"#\">Quantas horas por dia devo dedicar ao curso?<\/a>\n\t\t  <div><p>A carga hor\u00e1ria do curso vai depender da disciplina e pode variar entre 20 e 65 horas de dedica\u00e7\u00e3o, que podem ser distribu\u00eddas em 5 horas de estudo por semana.<\/p><\/div>\n\t<\/div>\n\t<div> \n\t\t<a href=\"#\">Os cursos t\u00eam exame final?<\/a>\n\t\t  <div><p>T\u00eam, sim. O participante deve fazer uma avalia\u00e7\u00e3o final e obter uma nota igual ou superior a 70% para ter acesso ao diploma de aprova\u00e7\u00e3o do curso.<\/p><\/div>\n\t<\/div>\n<\/div>\n<h3>Modalidade assistida por tutor<\/h3>\n<p>O aluno ser\u00e1 orientado por um especialista durante todo o curso.<\/p>\n<p>O material de estudo est\u00e1 organizado em m\u00f3dulos que ser\u00e3o abertos a cada semana.<\/p>\n<p>Nesse per\u00edodo, o aluno ter\u00e1 acesso a material te\u00f3rico, v\u00eddeos, atividades pr\u00e1ticas e autoavalia\u00e7\u00f5es que estar\u00e3o dispon\u00edveis 24 horas por dia. Al\u00e9m disso, haver\u00e1 um f\u00f3rum de discuss\u00e3o e d\u00favidas, por meio do qual poder\u00e1 se comunicar com o tutor e seus colegas.<\/p>\n<p>Os cursos nessa modalidade t\u00eam taxa de inscri\u00e7\u00e3o.<\/p>\n<div class=\"acordeon\">\n\t<div> \n\t\t<a href=\"#\">Qual \u00e9 a dura\u00e7\u00e3o de um curso assistido por tutor?<\/a>\n\t\t  <div><p>Os cursos assistidos por tutor duram entre 5 a 6 semanas, dependendo do tema do curso.<\/p><\/div>\n\t<\/div>\n\t<div> \n\t\t<a href=\"#\">Qual \u00e9 a data e hor\u00e1rio limite para a realiza\u00e7\u00e3o de cada atividade semanal?<\/a>\n\t\t  <div>\n\t\t<p>Os m\u00f3dulos ser\u00e3o habilitados na segunda-feira de cada semana de acordo com a data indicada no curso e no hor\u00e1rio das 18h UTC (Coordinated Universal Time).<\/p>\n<p>O f\u00f3rum de discuss\u00e3o e d\u00favidas de cada m\u00f3dulo estar\u00e1 dispon\u00edvel apenas durante a semana do m\u00f3dulo estudado, ficar\u00e1 inativo quando terminar \u00e0s 18h UTC.<\/p>\n\t\t<\/div>\n\t<\/div>\n\t<div> \n\t\t<a href=\"#\">Quantas horas por dia devo dedicar ao curso?<\/a>\n\t\t  <div><p>A carga hor\u00e1ria vai depender da disciplina e pode variar entre 30 e 60 horas de dedica\u00e7\u00e3o, que podem ser distribu\u00eddas em 5 horas de estudo por semana.<\/p><\/div>\n\t<\/div>\n\t<div> \n\t\t<a href=\"#\">Os cursos t\u00eam exame final?<\/a>\n\t\t  <div><p>T\u00eam, sim. O participante deve fazer uma avalia\u00e7\u00e3o final e obter uma nota igual ou superior a 70% para ter acesso ao diploma de aprova\u00e7\u00e3o do curso.<\/p><\/div>\n\t<\/div>\n\t<div> \n\t\t<a href=\"#\">Quem s\u00e3o os tutores do Campus?<\/a>\n\t\t  <div>\n\t\t    <p>Os tutores do Campus est\u00e3o sempre atualizando-se para facilitar a implementa\u00e7\u00e3o de novas tecnologias relacionadas aos recursos da Internet, incluindo o IPv6, seguran\u00e7a cibern\u00e9tica, BGP, RPKI, DNS, entre outros. Conhe\u00e7a os tutores aqui <a href=\"https:\/\/campus.lacnic.net\/pt-br\/cursos\/\" target=\"_blank\" rel=\"noopener\">https:\/\/campus.lacnic.net\/cursos\/<\/a><\/p><\/div>\n\t<\/div>\n<\/div>\n<div class=\"acordeon\">\n\t<div> \n\t\t<a href=\"#\">Em quais idiomas e n\u00edveis os cursos s\u00e3o ministrados?<\/a>\n\t\t  <div><p>A maioria dos cursos \u00e9 em espanhol, mas tamb\u00e9m temos alguns cursos dispon\u00edveis em ingl\u00eas. Oferecemos cursos nos n\u00edveis b\u00e1sico, intermedi\u00e1rio e avan\u00e7ado.<\/p> \n<p>Voc\u00ea poder\u00e1 conhecer o idioma e n\u00edvel de cada curso de interesse na p\u00e1gina informativa do pr\u00f3prio curso.<\/p><\/div>\n\t<\/div>\n\t<div> \n\t\t<a href=\"#\">Que dispositivo eletr\u00f4nico posso usar para fazer os cursos on-line?<\/a>\n\t\t  <div><p>Voc\u00ea poder\u00e1 acessar \u00e0 plataforma do Campus LACNIC desde qualquer dispositivo conectado \u00e0 Internet. Baixe tamb\u00e9m a Moodle App para iOS e Android.<\/p><\/div>\n\t<\/div>\n<\/div>\n<!-- -->\n<h2 id=\"faqespecializaciones\">Especializa\u00e7\u00f5es do Campus<\/h2>\n<div class=\"acordeon\">\n\t<div> \n\t\t<a href=\"#\">Como iniciar uma especializa\u00e7\u00e3o?<\/a>\n\t\t  <div>\n\t\t    <p>Dependendo da especializa\u00e7\u00e3o que voc\u00ea escolher dentro do <a href=\"https:\/\/campus.lacnic.net\/pt-br\/especializacoes\/\" target=\"_blank\" rel=\"noopener\">esquema de capacita\u00e7\u00e3o<\/a>. Basta se inscrever e realizar os cursos que fazem parte deste esquema, os que est\u00e3o dispon\u00edveis no Campus LACNIC.<\/p><\/div>\n\t<\/div>\n\t<div> \n\t\t<a href=\"#\">As especializa\u00e7\u00f5es t\u00eam um custo?<\/a>\n\t\t  <div><p>O \u00fanico pagamento que o aluno deve assumir \u00e9 a taxa de inscri\u00e7\u00e3o para os cursos cuja matr\u00edcula tenha um custo. Esse caso corresponde aos cursos com modalidade \u201cassistida por tutor\u201d.<\/p>\n<p>*Somente as organiza\u00e7\u00f5es associadas ao LACNIC t\u00eam o benef\u00edcio da isen\u00e7\u00e3o de pagamento.<\/p><\/div>\n\t<\/div>\n\t<div> \n\t\t<a href=\"#\">Como eu sei se conclu\u00ed algum n\u00edvel da especializa\u00e7\u00e3o?<\/a>\n\t\t  <div><p>Se voc\u00ea completou todos os cursos de um determinado n\u00edvel, receber\u00e1 automaticamente um distintivo de reconhecimento que ser\u00e1 notificado por e-mail e que tamb\u00e9m poder\u00e1 ser visualizado no seu perfil de usu\u00e1rio do Campus LACNIC.<\/p><\/div>\n\t<\/div>\n\t<div> \n\t\t<a href=\"#\">Eu j\u00e1 fiz v\u00e1rios cursos no Campus LACNIC em anos anteriores, eles s\u00e3o v\u00e1lidos para a especializa\u00e7\u00e3o?<\/a>\n\t\t  <div>\n\t\t    <p>Se voc\u00ea fez um curso em uma vers\u00e3o que n\u00e3o est\u00e1 dentro <a href=\"https:\/\/campus.lacnic.net\/pt-br\/cursos-validos\/\" target=\"_blank\" rel=\"noopener\">desta lista<\/a>, esse curso n\u00e3o poder\u00e1 ser validado e, portanto, ter\u00e1 que fazer a capacita\u00e7\u00e3o na vers\u00e3o atual ou fazer o exame final desta \u00faltima vers\u00e3o.<\/p><\/div>\n\t<\/div>\n<\/div>\n<!-- -->\n<h2 id=\"faqexamencertificador\">Exame de Certifica\u00e7\u00e3o<\/h2>\n<div class=\"acordeon\">\n\t<div> \n\t\t<a href=\"#\">Que requisitos devo cumprir para acessar o exame de certifica\u00e7\u00e3o? <\/a>\n\t\t  <div>\n\t\t    <p>Voc\u00ea dever\u00e1 ter conclu\u00eddo todos os cursos que comp\u00f5em o n\u00edvel b\u00e1sico, intermedi\u00e1rio e avan\u00e7ado da especializa\u00e7\u00e3o escolhida e ter recebido os distintivos de reconhecimento de cada n\u00edvel alcan\u00e7ado. <\/p><\/div>\n\t<\/div>\n\t<div> \n\t\t<a href=\"#\">O exame de certifica\u00e7\u00e3o \u00e9 o mesmo para as tr\u00eas especializa\u00e7\u00f5es? <\/a>\n\t\t  <div><p>\u00c9 n\u00e3o, cada exame de certifica\u00e7\u00e3o \u00e9 desenvolvido especialmente para cada uma das especializa\u00e7\u00f5es, embora possam ter partes em comum.<\/p><\/div>\n\t<\/div>\n\t<div> \n\t\t<a href=\"#\">Quais aspectos s\u00e3o avaliados no exame de certifica\u00e7\u00e3o?  <\/a>\n\t  <div>\n        <p>O exame de certifica\u00e7\u00e3o procura garantir os conhecimentos transversais \u00e0 especialidade escolhida pelo aluno, garantindo tamb\u00e9m a integridade e fiabilidade das respostas.<\/p>\n              <p>Para isso, o exame de certifica\u00e7\u00e3o \u00e9 monitorado e automatizado pelo sistema Proctorio. Este sistema procura proteger tr\u00eas condi\u00e7\u00f5es que s\u00e3o excludentes para validar a avalia\u00e7\u00e3o:<\/p>\n        <ol type=\"1\">\n                  <li><strong>Identifica\u00e7\u00e3o clara e precisa da pessoa que realiza a avalia\u00e7\u00e3o.<\/strong> O sistema de supervis\u00e3o remota n\u00e3o apenas verificar\u00e1 a identifica\u00e7\u00e3o pessoal, mas durante todo o tempo em que a avalia\u00e7\u00e3o for realizada, o sistema tentar\u00e1 confirmar se quem est\u00e1 respondendo ao question\u00e1rio \u00e9 quem disse ser.<\/li>\n                  <li><strong>Integridade da avalia\u00e7\u00e3o<\/strong>, tomando todas as medidas necess\u00e1rias para que o conte\u00fado da avalia\u00e7\u00e3o n\u00e3o possa ser copiado ou distribu\u00eddo.<\/li>\n                  <li><strong>Autenticidade das respostas<\/strong>, certificando-se de que a pessoa que faz a avalia\u00e7\u00e3o n\u00e3o tenha ajuda extra para responder \u00e0s perguntas.<\/li>\n        <\/ol>\n          <p>\u00c9 importante compreender a relev\u00e2ncia do processo e como funciona o sistema de supervis\u00e3o remota para evitar transtornos involunt\u00e1rios durante a avalia\u00e7\u00e3o. Por isso, antes de iniciar a avalia\u00e7\u00e3o, a pessoa vai dispor de um v\u00eddeo instrutivo detalhando os padr\u00f5es de comportamento esperados para que o sistema de supervis\u00e3o remota possa garantir as tr\u00eas condi\u00e7\u00f5es acima mencionadas.<\/p>\n      <\/div>\n\t<\/div>\n\t<div> \n\t\t<a href=\"#\">Quanto tempo dura o exame?<\/a>\n\t\t  <div>\n\t\t    <p>O exame tem dura\u00e7\u00e3o de 90 minutos. Decorrido esse tempo, o exame ser\u00e1 encerrado automaticamente e as respostas marcadas at\u00e9 aquele momento ser\u00e3o enviadas.<\/p><\/div>\n\t<\/div>\n    <div> \n\t\t<a href=\"#\">Como saber se fui aprovada no exame? <\/a>\n\t\t  <div>\n\t\t    <p>Voc\u00ea n\u00e3o poder\u00e1 saber a nota at\u00e9 que seja conclu\u00eddo o processo de revis\u00e3o do relat\u00f3rio gerado pelo sistema Proctorio. Esse processo pode demorar at\u00e9 uma semana. O resultado da sua avalia\u00e7\u00e3o ser\u00e1 enviado para o e-mail que voc\u00ea usou para se inscrever ao exame.<\/p><\/div>\n\t<\/div>\n    <div> \n\t\t<a href=\"#\">O que acontece se eu me inscrever no exame e n\u00e3o fizer? <\/a>\n\t\t  <div>\n\t\t    <p>Se voc\u00ea se inscreveu no exame e n\u00e3o entrou na plataforma do Campus LACNIC para faz\u00ea-lo, o mesmo ser\u00e1 anulado. Voc\u00ea poder\u00e1 se inscrever de novo em uma edi\u00e7\u00e3o futura.<\/p><\/div>\n\t<\/div>\n    <div> \n\t\t<a href=\"#\">Qual \u00e9 a pontua\u00e7\u00e3o para ser aprovado no exame de certifica\u00e7\u00e3o? <\/a>\n\t\t  <div>\n\t\t    <p>A nota necess\u00e1ria para passar no exame equivale a 70% da totalidade das perguntas. Lembre-se de que, al\u00e9m da nota obtida, \u00e9 fundamental que o Proctorio forne\u00e7a um laudo positivo sobre a integridade do seu exame para ser aprovado.<\/p><\/div>\n\t<\/div>\n    <div> \n\t\t<a href=\"#\">Quantas vezes eu posso fazer o exame de certifica\u00e7\u00e3o? <\/a>\n\t\t  <div>\n\t\t    <p>Voc\u00ea poder\u00e1 fazer o exame de certifica\u00e7\u00e3o uma vez por ano.<\/p><\/div>\n\t<\/div>\n    <div> \n\t\t<a href=\"#\">O que acontece se eu for reprovado no exame de certifica\u00e7\u00e3o? <\/a>\n\t\t  <div>\n\t\t    <p>Se voc\u00ea for reprovado no exame, poder\u00e1 faz\u00ea-lo novamente no ano seguinte.<\/p><\/div>\n\t<\/div>\n<\/div>\n<p>&nbsp;<\/p>\n<p><em><strong>Nota importante:<\/strong><\/em> Se o motivo da desclassifica\u00e7\u00e3o for por falta de integridade na sua avalia\u00e7\u00e3o e\/ou autenticidade das suas respostas, voc\u00ea ser\u00e1 sancionado e n\u00e3o poder\u00e1 fazer o exame no ano seguinte.<\/p>\n","protected":false},"excerpt":{"rendered":"<p>Sobre o CAMPUS Como posso me inscrever aos cursos do Campus LACNIC? Se voc\u00ea n\u00e3o for associado do LACNIC, deve se inscrever por meio do Sistema de Eventos do LACNIC: http:\/\/eventos.lacnic.net Confira o v\u00eddeo instrutivo do processo de inscri\u00e7\u00e3o: https:\/\/youtu.be\/9x_G_J1n804 Por consultas escreva para campus@lacnic.net Como posso me inscrever aos cursos se eu for associado [&hellip;]<\/p>\n","protected":false},"author":1,"featured_media":0,"parent":0,"menu_order":0,"comment_status":"closed","ping_status":"closed","template":"","meta":{"_acf_changed":false,"footnotes":""},"class_list":["post-54","page","type-page","status-publish","hentry"],"acf":[],"yoast_head":"<!-- This site is optimized with the Yoast SEO plugin v26.4 - https:\/\/yoast.com\/wordpress\/plugins\/seo\/ -->\n<title>CAMPUS LACNIC &#8211; FAQ<\/title>\n<meta name=\"robots\" content=\"index, follow, max-snippet:-1, max-image-preview:large, max-video-preview:-1\" \/>\n<link rel=\"canonical\" href=\"https:\/\/campus.lacnic.net\/pt-br\/faq\/\" \/>\n<meta property=\"og:locale\" content=\"pt_BR\" \/>\n<meta property=\"og:type\" content=\"article\" \/>\n<meta property=\"og:title\" content=\"CAMPUS LACNIC &#8211; FAQ\" \/>\n<meta property=\"og:description\" content=\"Sobre o CAMPUS Como posso me inscrever aos cursos do Campus LACNIC? Se voc\u00ea n\u00e3o for associado do LACNIC, deve se inscrever por meio do Sistema de Eventos do LACNIC: http:\/\/eventos.lacnic.net Confira o v\u00eddeo instrutivo do processo de inscri\u00e7\u00e3o: https:\/\/youtu.be\/9x_G_J1n804 Por consultas escreva para campus@lacnic.net Como posso me inscrever aos cursos se eu for associado [&hellip;]\" \/>\n<meta property=\"og:url\" content=\"https:\/\/campus.lacnic.net\/pt-br\/faq\/\" \/>\n<meta property=\"og:site_name\" content=\"CAMPUS LACNIC\" \/>\n<meta property=\"article:modified_time\" content=\"2024-12-16T19:59:57+00:00\" \/>\n<meta property=\"og:image\" content=\"https:\/\/campus.lacnic.net\/wp-content\/uploads\/2024\/04\/lacnic-campus-image.png\" \/>\n\t<meta property=\"og:image:width\" content=\"1200\" \/>\n\t<meta property=\"og:image:height\" content=\"675\" \/>\n\t<meta property=\"og:image:type\" content=\"image\/png\" \/>\n<meta name=\"twitter:card\" content=\"summary_large_image\" \/>\n<meta name=\"twitter:label1\" content=\"Est. tempo de leitura\" \/>\n\t<meta name=\"twitter:data1\" content=\"5 minutos\" \/>\n<script type=\"application\/ld+json\" class=\"yoast-schema-graph\">{\"@context\":\"https:\/\/schema.org\",\"@graph\":[{\"@type\":\"WebPage\",\"@id\":\"https:\/\/campus.lacnic.net\/pt-br\/faq\/\",\"url\":\"https:\/\/campus.lacnic.net\/pt-br\/faq\/\",\"name\":\"CAMPUS LACNIC &#8211; FAQ\",\"isPartOf\":{\"@id\":\"https:\/\/campus.lacnic.net\/#website\"},\"datePublished\":\"2023-10-25T17:50:44+00:00\",\"dateModified\":\"2024-12-16T19:59:57+00:00\",\"breadcrumb\":{\"@id\":\"https:\/\/campus.lacnic.net\/pt-br\/faq\/#breadcrumb\"},\"inLanguage\":\"pt-BR\",\"potentialAction\":[{\"@type\":\"ReadAction\",\"target\":[\"https:\/\/campus.lacnic.net\/pt-br\/faq\/\"]}]},{\"@type\":\"BreadcrumbList\",\"@id\":\"https:\/\/campus.lacnic.net\/pt-br\/faq\/#breadcrumb\",\"itemListElement\":[{\"@type\":\"ListItem\",\"position\":1,\"name\":\"Portada\",\"item\":\"https:\/\/campus.lacnic.net\/pt-br\/\"},{\"@type\":\"ListItem\",\"position\":2,\"name\":\"FAQ\"}]},{\"@type\":\"WebSite\",\"@id\":\"https:\/\/campus.lacnic.net\/#website\",\"url\":\"https:\/\/campus.lacnic.net\/\",\"name\":\"CAMPUS LACNIC\",\"description\":\"\",\"publisher\":{\"@id\":\"https:\/\/campus.lacnic.net\/#organization\"},\"potentialAction\":[{\"@type\":\"SearchAction\",\"target\":{\"@type\":\"EntryPoint\",\"urlTemplate\":\"https:\/\/campus.lacnic.net\/?s={search_term_string}\"},\"query-input\":{\"@type\":\"PropertyValueSpecification\",\"valueRequired\":true,\"valueName\":\"search_term_string\"}}],\"inLanguage\":\"pt-BR\"},{\"@type\":\"Organization\",\"@id\":\"https:\/\/campus.lacnic.net\/#organization\",\"name\":\"CAMPUS LACNIC\",\"url\":\"https:\/\/campus.lacnic.net\/\",\"logo\":{\"@type\":\"ImageObject\",\"inLanguage\":\"pt-BR\",\"@id\":\"https:\/\/campus.lacnic.net\/#\/schema\/logo\/image\/\",\"url\":\"https:\/\/campus.lacnic.net\/wp-content\/uploads\/2024\/04\/lacnic-campus-logo-seo.png\",\"contentUrl\":\"https:\/\/campus.lacnic.net\/wp-content\/uploads\/2024\/04\/lacnic-campus-logo-seo.png\",\"width\":696,\"height\":696,\"caption\":\"CAMPUS LACNIC\"},\"image\":{\"@id\":\"https:\/\/campus.lacnic.net\/#\/schema\/logo\/image\/\"}}]}<\/script>\n<!-- \/ Yoast SEO plugin. -->","yoast_head_json":{"title":"CAMPUS LACNIC &#8211; FAQ","robots":{"index":"index","follow":"follow","max-snippet":"max-snippet:-1","max-image-preview":"max-image-preview:large","max-video-preview":"max-video-preview:-1"},"canonical":"https:\/\/campus.lacnic.net\/pt-br\/faq\/","og_locale":"pt_BR","og_type":"article","og_title":"CAMPUS LACNIC &#8211; FAQ","og_description":"Sobre o CAMPUS Como posso me inscrever aos cursos do Campus LACNIC? Se voc\u00ea n\u00e3o for associado do LACNIC, deve se inscrever por meio do Sistema de Eventos do LACNIC: http:\/\/eventos.lacnic.net Confira o v\u00eddeo instrutivo do processo de inscri\u00e7\u00e3o: https:\/\/youtu.be\/9x_G_J1n804 Por consultas escreva para campus@lacnic.net Como posso me inscrever aos cursos se eu for associado [&hellip;]","og_url":"https:\/\/campus.lacnic.net\/pt-br\/faq\/","og_site_name":"CAMPUS LACNIC","article_modified_time":"2024-12-16T19:59:57+00:00","og_image":[{"width":1200,"height":675,"url":"https:\/\/campus.lacnic.net\/wp-content\/uploads\/2024\/04\/lacnic-campus-image.png","type":"image\/png"}],"twitter_card":"summary_large_image","twitter_misc":{"Est. tempo de leitura":"5 minutos"},"schema":{"@context":"https:\/\/schema.org","@graph":[{"@type":"WebPage","@id":"https:\/\/campus.lacnic.net\/pt-br\/faq\/","url":"https:\/\/campus.lacnic.net\/pt-br\/faq\/","name":"CAMPUS LACNIC &#8211; FAQ","isPartOf":{"@id":"https:\/\/campus.lacnic.net\/#website"},"datePublished":"2023-10-25T17:50:44+00:00","dateModified":"2024-12-16T19:59:57+00:00","breadcrumb":{"@id":"https:\/\/campus.lacnic.net\/pt-br\/faq\/#breadcrumb"},"inLanguage":"pt-BR","potentialAction":[{"@type":"ReadAction","target":["https:\/\/campus.lacnic.net\/pt-br\/faq\/"]}]},{"@type":"BreadcrumbList","@id":"https:\/\/campus.lacnic.net\/pt-br\/faq\/#breadcrumb","itemListElement":[{"@type":"ListItem","position":1,"name":"Portada","item":"https:\/\/campus.lacnic.net\/pt-br\/"},{"@type":"ListItem","position":2,"name":"FAQ"}]},{"@type":"WebSite","@id":"https:\/\/campus.lacnic.net\/#website","url":"https:\/\/campus.lacnic.net\/","name":"CAMPUS LACNIC","description":"","publisher":{"@id":"https:\/\/campus.lacnic.net\/#organization"},"potentialAction":[{"@type":"SearchAction","target":{"@type":"EntryPoint","urlTemplate":"https:\/\/campus.lacnic.net\/?s={search_term_string}"},"query-input":{"@type":"PropertyValueSpecification","valueRequired":true,"valueName":"search_term_string"}}],"inLanguage":"pt-BR"},{"@type":"Organization","@id":"https:\/\/campus.lacnic.net\/#organization","name":"CAMPUS LACNIC","url":"https:\/\/campus.lacnic.net\/","logo":{"@type":"ImageObject","inLanguage":"pt-BR","@id":"https:\/\/campus.lacnic.net\/#\/schema\/logo\/image\/","url":"https:\/\/campus.lacnic.net\/wp-content\/uploads\/2024\/04\/lacnic-campus-logo-seo.png","contentUrl":"https:\/\/campus.lacnic.net\/wp-content\/uploads\/2024\/04\/lacnic-campus-logo-seo.png","width":696,"height":696,"caption":"CAMPUS LACNIC"},"image":{"@id":"https:\/\/campus.lacnic.net\/#\/schema\/logo\/image\/"}}]}},"_links":{"self":[{"href":"https:\/\/campus.lacnic.net\/pt-br\/wp-json\/wp\/v2\/pages\/54","targetHints":{"allow":["GET"]}}],"collection":[{"href":"https:\/\/campus.lacnic.net\/pt-br\/wp-json\/wp\/v2\/pages"}],"about":[{"href":"https:\/\/campus.lacnic.net\/pt-br\/wp-json\/wp\/v2\/types\/page"}],"author":[{"embeddable":true,"href":"https:\/\/campus.lacnic.net\/pt-br\/wp-json\/wp\/v2\/users\/1"}],"replies":[{"embeddable":true,"href":"https:\/\/campus.lacnic.net\/pt-br\/wp-json\/wp\/v2\/comments?post=54"}],"version-history":[{"count":4,"href":"https:\/\/campus.lacnic.net\/pt-br\/wp-json\/wp\/v2\/pages\/54\/revisions"}],"predecessor-version":[{"id":1026,"href":"https:\/\/campus.lacnic.net\/pt-br\/wp-json\/wp\/v2\/pages\/54\/revisions\/1026"}],"wp:attachment":[{"href":"https:\/\/campus.lacnic.net\/pt-br\/wp-json\/wp\/v2\/media?parent=54"}],"curies":[{"name":"wp","href":"https:\/\/api.w.org\/{rel}","templated":true}]}}