{"id":42,"date":"2023-08-02T16:06:29","date_gmt":"2023-08-02T16:06:29","guid":{"rendered":"https:\/\/campus.lacnic.net\/bem-vindos\/"},"modified":"2024-11-19T18:34:53","modified_gmt":"2024-11-19T18:34:53","slug":"bem-vindos","status":"publish","type":"page","link":"https:\/\/campus.lacnic.net\/pt-br\/","title":{"rendered":"Bem-vindos!"},"content":{"rendered":"\n<div class=\"article_content\">\n\t\t\t\t<ul class=\"home_frames\">\n\t\t\t\t\t<li><a id=\"framea\" href=\"https:\/\/campus.lacnic.net\/pt-br\/cursos\/\"><img decoding=\"async\" src=\"https:\/\/campus.lacnic.net\/wp-content\/themes\/campus-theme\/images\/home_cursos.svg\">CURSOS<\/a><\/li>\n\t\t\t\t\t<li><a id=\"frameb\" href=\"https:\/\/campus.lacnic.net\/pt-br\/especializacoes\/\"><img decoding=\"async\" src=\"https:\/\/campus.lacnic.net\/wp-content\/themes\/campus-theme\/images\/home_especializaciones.svg\">Especializa\u00e7\u00f5es<\/a><\/li>\n\t\t\t\t\t<li><a id=\"framed\" href=\"https:\/\/campus.lacnic.net\/pt-br\/calendario\/\"><img decoding=\"async\" src=\"https:\/\/campus.lacnic.net\/wp-content\/themes\/campus-theme\/images\/home_calendario.svg\">Calend\u00e1rio<\/a><\/li>\n\t\t\t\t\t<li><a id=\"framec\" href=\"https:\/\/campus.lacnic.net\/pt-br\/certificacao\/\"><img decoding=\"async\" src=\"https:\/\/campus.lacnic.net\/wp-content\/themes\/campus-theme\/images\/home_certificacion.svg\">Certifica\u00e7\u00e3o<\/a><\/li>\n                    <li><a id=\"framee\" href=\"https:\/\/login-campus.lacnic.net\/local\/certvalidator\/\"><img decoding=\"async\" src=\"https:\/\/campus.lacnic.net\/wp-content\/themes\/campus-theme\/images\/home_validar.svg\">VALIDAR DIPLOMA<\/a><\/li>\n\t\t\t\t<\/ul>\n\t\t\t\t<hr>\n\t\t\t  <ul class=\"home_frames_2\">\n\t\t\t\t\t<li><a href=\"https:\/\/campus.lacnic.net\/pt-br\/inscricao\/\"><img decoding=\"async\" src=\"https:\/\/campus.lacnic.net\/wp-content\/themes\/campus-theme\/images\/home_inscripciones.svg\">Inscri\u00e7\u00e3o<\/a><\/li>\n\t\t\t\t\t<li><a href=\" https:\/\/campus.lacnic.net\/pt-br\/modalidades-aprendizagem\/\"><img decoding=\"async\" src=\"https:\/\/campus.lacnic.net\/wp-content\/themes\/campus-theme\/images\/home_modalidades.svg\">Modalidades de aprendizagem<\/a><\/li>\n                    <li><a href=\"https:\/\/campus.lacnic.net\/pt-br\/docentes\/\"><img decoding=\"async\" src=\"https:\/\/campus.lacnic.net\/wp-content\/themes\/campus-theme\/images\/home_docentes.svg\">Docentes<\/a><\/li>    \n\t\t\t\t\t<li><a href=\"https:\/\/campus.lacnic.net\/pt-br\/faq\/\"><img decoding=\"async\" src=\"https:\/\/campus.lacnic.net\/wp-content\/themes\/campus-theme\/images\/home_faq.svg\">FAQ<\/a><\/li>\n\t\t\t\t<\/ul>\n\t\t\t<\/div>\n","protected":false},"excerpt":{"rendered":"<p>CURSOS Especializa\u00e7\u00f5es Calend\u00e1rio Certifica\u00e7\u00e3o VALIDAR DIPLOMA Inscri\u00e7\u00e3o Modalidades de aprendizagem Docentes FAQ<\/p>\n","protected":false},"author":1,"featured_media":0,"parent":0,"menu_order":0,"comment_status":"closed","ping_status":"closed","template":"","meta":{"_acf_changed":false,"footnotes":""},"class_list":["post-42","page","type-page","status-publish","hentry"],"acf":[],"yoast_head":"<!-- This site is optimized with the Yoast SEO plugin v26.4 - https:\/\/yoast.com\/wordpress\/plugins\/seo\/ -->\n<title>CAMPUS LACNIC<\/title>\n<meta name=\"description\" content=\"O Campus LACNIC \u00e9 uma plataforma educacional virtual que contribui com o desenvolvimento de conhecimentos e compet\u00eancias t\u00e9cnicas sobre a Internet.\" \/>\n<meta name=\"robots\" content=\"index, follow, max-snippet:-1, max-image-preview:large, max-video-preview:-1\" \/>\n<link rel=\"canonical\" href=\"https:\/\/campus.lacnic.net\/pt-br\/\" \/>\n<meta property=\"og:locale\" content=\"pt_BR\" \/>\n<meta property=\"og:type\" content=\"article\" \/>\n<meta property=\"og:title\" content=\"CAMPUS LACNIC\" \/>\n<meta property=\"og:description\" content=\"O Campus LACNIC \u00e9 uma plataforma educacional virtual que contribui com o desenvolvimento de conhecimentos e compet\u00eancias t\u00e9cnicas sobre a Internet.\" \/>\n<meta property=\"og:url\" content=\"https:\/\/campus.lacnic.net\/pt-br\/\" \/>\n<meta property=\"og:site_name\" content=\"CAMPUS LACNIC\" \/>\n<meta property=\"article:modified_time\" content=\"2024-11-19T18:34:53+00:00\" \/>\n<meta property=\"og:image\" content=\"https:\/\/campus.lacnic.net\/wp-content\/themes\/campus-theme\/images\/home_cursos.svg\" \/>\n<meta name=\"twitter:card\" content=\"summary_large_image\" \/>\n<meta name=\"twitter:label1\" content=\"Est. tempo de leitura\" \/>\n\t<meta name=\"twitter:data1\" content=\"2 minutos\" \/>\n<script type=\"application\/ld+json\" class=\"yoast-schema-graph\">{\"@context\":\"https:\/\/schema.org\",\"@graph\":[{\"@type\":\"WebPage\",\"@id\":\"https:\/\/campus.lacnic.net\/pt-br\/\",\"url\":\"https:\/\/campus.lacnic.net\/pt-br\/\",\"name\":\"CAMPUS LACNIC\",\"isPartOf\":{\"@id\":\"https:\/\/campus.lacnic.net\/#website\"},\"primaryImageOfPage\":{\"@id\":\"https:\/\/campus.lacnic.net\/pt-br\/#primaryimage\"},\"image\":{\"@id\":\"https:\/\/campus.lacnic.net\/pt-br\/#primaryimage\"},\"thumbnailUrl\":\"https:\/\/campus.lacnic.net\/wp-content\/themes\/campus-theme\/images\/home_cursos.svg\",\"datePublished\":\"2023-08-02T16:06:29+00:00\",\"dateModified\":\"2024-11-19T18:34:53+00:00\",\"description\":\"O Campus LACNIC \u00e9 uma plataforma educacional virtual que contribui com o desenvolvimento de conhecimentos e compet\u00eancias t\u00e9cnicas sobre a Internet.\",\"breadcrumb\":{\"@id\":\"https:\/\/campus.lacnic.net\/pt-br\/#breadcrumb\"},\"inLanguage\":\"pt-BR\",\"potentialAction\":[{\"@type\":\"ReadAction\",\"target\":[\"https:\/\/campus.lacnic.net\/pt-br\/\"]}]},{\"@type\":\"ImageObject\",\"inLanguage\":\"pt-BR\",\"@id\":\"https:\/\/campus.lacnic.net\/pt-br\/#primaryimage\",\"url\":\"https:\/\/campus.lacnic.net\/wp-content\/themes\/campus-theme\/images\/home_cursos.svg\",\"contentUrl\":\"https:\/\/campus.lacnic.net\/wp-content\/themes\/campus-theme\/images\/home_cursos.svg\"},{\"@type\":\"BreadcrumbList\",\"@id\":\"https:\/\/campus.lacnic.net\/pt-br\/#breadcrumb\",\"itemListElement\":[{\"@type\":\"ListItem\",\"position\":1,\"name\":\"Portada\",\"item\":\"https:\/\/campus.lacnic.net\/pt-br\/\"},{\"@type\":\"ListItem\",\"position\":2,\"name\":\"Bem-vindos!\"}]},{\"@type\":\"WebSite\",\"@id\":\"https:\/\/campus.lacnic.net\/#website\",\"url\":\"https:\/\/campus.lacnic.net\/\",\"name\":\"CAMPUS LACNIC\",\"description\":\"\",\"publisher\":{\"@id\":\"https:\/\/campus.lacnic.net\/#organization\"},\"potentialAction\":[{\"@type\":\"SearchAction\",\"target\":{\"@type\":\"EntryPoint\",\"urlTemplate\":\"https:\/\/campus.lacnic.net\/?s={search_term_string}\"},\"query-input\":{\"@type\":\"PropertyValueSpecification\",\"valueRequired\":true,\"valueName\":\"search_term_string\"}}],\"inLanguage\":\"pt-BR\"},{\"@type\":\"Organization\",\"@id\":\"https:\/\/campus.lacnic.net\/#organization\",\"name\":\"CAMPUS LACNIC\",\"url\":\"https:\/\/campus.lacnic.net\/\",\"logo\":{\"@type\":\"ImageObject\",\"inLanguage\":\"pt-BR\",\"@id\":\"https:\/\/campus.lacnic.net\/#\/schema\/logo\/image\/\",\"url\":\"https:\/\/campus.lacnic.net\/wp-content\/uploads\/2024\/04\/lacnic-campus-logo-seo.png\",\"contentUrl\":\"https:\/\/campus.lacnic.net\/wp-content\/uploads\/2024\/04\/lacnic-campus-logo-seo.png\",\"width\":696,\"height\":696,\"caption\":\"CAMPUS LACNIC\"},\"image\":{\"@id\":\"https:\/\/campus.lacnic.net\/#\/schema\/logo\/image\/\"}}]}<\/script>\n<!-- \/ Yoast SEO plugin. -->","yoast_head_json":{"title":"CAMPUS LACNIC","description":"O Campus LACNIC \u00e9 uma plataforma educacional virtual que contribui com o desenvolvimento de conhecimentos e compet\u00eancias t\u00e9cnicas sobre a Internet.","robots":{"index":"index","follow":"follow","max-snippet":"max-snippet:-1","max-image-preview":"max-image-preview:large","max-video-preview":"max-video-preview:-1"},"canonical":"https:\/\/campus.lacnic.net\/pt-br\/","og_locale":"pt_BR","og_type":"article","og_title":"CAMPUS LACNIC","og_description":"O Campus LACNIC \u00e9 uma plataforma educacional virtual que contribui com o desenvolvimento de conhecimentos e compet\u00eancias t\u00e9cnicas sobre a Internet.","og_url":"https:\/\/campus.lacnic.net\/pt-br\/","og_site_name":"CAMPUS LACNIC","article_modified_time":"2024-11-19T18:34:53+00:00","og_image":[{"url":"https:\/\/campus.lacnic.net\/wp-content\/themes\/campus-theme\/images\/home_cursos.svg","type":"","width":"","height":""}],"twitter_card":"summary_large_image","twitter_misc":{"Est. tempo de leitura":"2 minutos"},"schema":{"@context":"https:\/\/schema.org","@graph":[{"@type":"WebPage","@id":"https:\/\/campus.lacnic.net\/pt-br\/","url":"https:\/\/campus.lacnic.net\/pt-br\/","name":"CAMPUS LACNIC","isPartOf":{"@id":"https:\/\/campus.lacnic.net\/#website"},"primaryImageOfPage":{"@id":"https:\/\/campus.lacnic.net\/pt-br\/#primaryimage"},"image":{"@id":"https:\/\/campus.lacnic.net\/pt-br\/#primaryimage"},"thumbnailUrl":"https:\/\/campus.lacnic.net\/wp-content\/themes\/campus-theme\/images\/home_cursos.svg","datePublished":"2023-08-02T16:06:29+00:00","dateModified":"2024-11-19T18:34:53+00:00","description":"O Campus LACNIC \u00e9 uma plataforma educacional virtual que contribui com o desenvolvimento de conhecimentos e compet\u00eancias t\u00e9cnicas sobre a Internet.","breadcrumb":{"@id":"https:\/\/campus.lacnic.net\/pt-br\/#breadcrumb"},"inLanguage":"pt-BR","potentialAction":[{"@type":"ReadAction","target":["https:\/\/campus.lacnic.net\/pt-br\/"]}]},{"@type":"ImageObject","inLanguage":"pt-BR","@id":"https:\/\/campus.lacnic.net\/pt-br\/#primaryimage","url":"https:\/\/campus.lacnic.net\/wp-content\/themes\/campus-theme\/images\/home_cursos.svg","contentUrl":"https:\/\/campus.lacnic.net\/wp-content\/themes\/campus-theme\/images\/home_cursos.svg"},{"@type":"BreadcrumbList","@id":"https:\/\/campus.lacnic.net\/pt-br\/#breadcrumb","itemListElement":[{"@type":"ListItem","position":1,"name":"Portada","item":"https:\/\/campus.lacnic.net\/pt-br\/"},{"@type":"ListItem","position":2,"name":"Bem-vindos!"}]},{"@type":"WebSite","@id":"https:\/\/campus.lacnic.net\/#website","url":"https:\/\/campus.lacnic.net\/","name":"CAMPUS LACNIC","description":"","publisher":{"@id":"https:\/\/campus.lacnic.net\/#organization"},"potentialAction":[{"@type":"SearchAction","target":{"@type":"EntryPoint","urlTemplate":"https:\/\/campus.lacnic.net\/?s={search_term_string}"},"query-input":{"@type":"PropertyValueSpecification","valueRequired":true,"valueName":"search_term_string"}}],"inLanguage":"pt-BR"},{"@type":"Organization","@id":"https:\/\/campus.lacnic.net\/#organization","name":"CAMPUS LACNIC","url":"https:\/\/campus.lacnic.net\/","logo":{"@type":"ImageObject","inLanguage":"pt-BR","@id":"https:\/\/campus.lacnic.net\/#\/schema\/logo\/image\/","url":"https:\/\/campus.lacnic.net\/wp-content\/uploads\/2024\/04\/lacnic-campus-logo-seo.png","contentUrl":"https:\/\/campus.lacnic.net\/wp-content\/uploads\/2024\/04\/lacnic-campus-logo-seo.png","width":696,"height":696,"caption":"CAMPUS LACNIC"},"image":{"@id":"https:\/\/campus.lacnic.net\/#\/schema\/logo\/image\/"}}]}},"_links":{"self":[{"href":"https:\/\/campus.lacnic.net\/pt-br\/wp-json\/wp\/v2\/pages\/42","targetHints":{"allow":["GET"]}}],"collection":[{"href":"https:\/\/campus.lacnic.net\/pt-br\/wp-json\/wp\/v2\/pages"}],"about":[{"href":"https:\/\/campus.lacnic.net\/pt-br\/wp-json\/wp\/v2\/types\/page"}],"author":[{"embeddable":true,"href":"https:\/\/campus.lacnic.net\/pt-br\/wp-json\/wp\/v2\/users\/1"}],"replies":[{"embeddable":true,"href":"https:\/\/campus.lacnic.net\/pt-br\/wp-json\/wp\/v2\/comments?post=42"}],"version-history":[{"count":6,"href":"https:\/\/campus.lacnic.net\/pt-br\/wp-json\/wp\/v2\/pages\/42\/revisions"}],"predecessor-version":[{"id":907,"href":"https:\/\/campus.lacnic.net\/pt-br\/wp-json\/wp\/v2\/pages\/42\/revisions\/907"}],"wp:attachment":[{"href":"https:\/\/campus.lacnic.net\/pt-br\/wp-json\/wp\/v2\/media?parent=42"}],"curies":[{"name":"wp","href":"https:\/\/api.w.org\/{rel}","templated":true}]}}