{"id":236,"date":"2023-10-31T13:37:13","date_gmt":"2023-10-31T13:37:13","guid":{"rendered":"https:\/\/campus.lacnic.net\/inscripcion\/"},"modified":"2024-01-08T17:51:00","modified_gmt":"2024-01-08T17:51:00","slug":"inscricao","status":"publish","type":"page","link":"https:\/\/campus.lacnic.net\/pt-br\/inscricao\/","title":{"rendered":"Inscri\u00e7\u00e3o"},"content":{"rendered":"\n<div id=\"certificacion\">\n\t<div>\n\t\t<span><img decoding=\"async\" src=\"https:\/\/campus.lacnic.net\/wp-content\/themes\/campus-theme\/images\/comunidad.svg\">Comunidade<\/span>\n\t\t<p><strong>A inscri\u00e7\u00e3o \u00e9 feita atrav\u00e9s do sistema de registro do LACNIC: <a href=\"http:\/\/eventos.lacnic.net\" target=\"_blank\" rel=\"noopener\">http:\/\/eventos.lacnic.net<\/a><\/strong><\/p>\n\t\t<p>Instru\u00e7\u00f5es de inscri\u00e7\u00e3o para a comunidade:<\/p>\n\t  <p><iframe loading=\"lazy\" width=\"438\" height=\"300\" src=\"https:\/\/www.youtube.com\/embed\/9x_G_J1n804?si=G3jvvhR-z-5_hPKP\" title=\"YouTube video player\" frameborder=\"0\" allow=\"accelerometer; autoplay; clipboard-write; encrypted-media; gyroscope; picture-in-picture; web-share\" allowfullscreen><\/iframe><\/p>\n\t<\/div>\n\t<div>\n\t\t<span><img decoding=\"async\" src=\"https:\/\/campus.lacnic.net\/wp-content\/themes\/campus-theme\/images\/asociados.svg\">Associados<\/span>\n\t\t<p><strong>1. LACNIC envia um e-mail para a caixa de correio dos usu\u00e1rios dos 5 pontos de contato de sua empresa (usu\u00e1rios cadastrados na nossa base de dados e diretamente relacionados com a organiza\u00e7\u00e3o associada):<\/strong><\/p>\n<ul>\n<li>Contato administrativo da organiza\u00e7\u00e3o<\/li>\n<li>Contato de cobran\u00e7a<\/li>\n<li>Contato de membresia<\/li>\n<li>Contatos t\u00e9cnicos de cada bloco IP<\/li>\n<li>Contatos de abuso de cada bloco IP<\/li>\n<\/ul>\n<p>Todos esses usu\u00e1rios s\u00e3o os que t\u00eam acesso total ao Mi LACNIC (<a href=\"https:\/\/milacnic.lacnic.net\" target=\"_blank\" rel=\"noopener\">milacnic.lacnic.net<\/a>) e devem fazer login com seus ID de usu\u00e1rio.<\/p>\n\n<p><strong>2. Uma vez feito o login no Mi LACNIC, para poder se inscrever e inscrever outros colegas para um curso:<\/strong><\/p>\n\t\t<ol type=\"a\">\n\t\t\t<li>No canto superior direito da tela, clique no bot\u00e3o com uma imagem de sino. Ou, no menu geral, \u00e0 esquerda, clicar em Membresia e Pendentes.<\/li>\n\t\t\t<li>Se o usu\u00e1rio que entrou no <a href=\"https:\/\/milacnic.lacnic.net\" target=\"_blank\" rel=\"noopener\">milacnic.lacnic.net<\/a> quiser fazer o curso, dever\u00e1 entrar em USAR, preencher todos os seus dados e automaticamente estar\u00e1 cadastrado e isento.<\/li>\n\t\t\t<li>Se o usu\u00e1rio que entrou quiser que mais colegas fa\u00e7am o curso, ele dever\u00e1 entrar em TRANSFERIR.<\/li>\n\t\t\t<li>Preencher o nome e o e-mail do colega e TRANSFERIR.<\/li>\n\t\t<\/ol>\n<p>Repetir este procedimento para cada companheiro, um a um. As pessoas para quem a inscri\u00e7\u00e3o foi transferida receber\u00e3o um e-mail de <a href=\"mailto:milacnic@lacnic.net\">milacnic@lacnic.net<\/a> com um link no qual dever\u00e3o preencher seus dados para ficarem inscritos e isentos.<\/p>\n\t\t<p>Qualquer consulta, entre em contato pelo correio <a href=\"mailto:membresia@lacnic.net\">membresia@lacnic.net<\/a><\/p>\n\n<!--p>Instructivo de registro para asociados:<\/p>\n\t\t<p><iframe loading=\"lazy\" width=\"438\" height=\"300\" src=\"https:\/\/www.youtube.com\/embed\/PeCfjfD0FD8?si=jmrYqC1ygZy5KzQO\" title=\"YouTube video player\" frameborder=\"0\" allow=\"accelerometer; autoplay; clipboard-write; encrypted-media; gyroscope; picture-in-picture; web-share\" allowfullscreen><\/iframe><\/p-->\n\t<\/div>\n<\/div>\n","protected":false},"excerpt":{"rendered":"<p>Comunidade A inscri\u00e7\u00e3o \u00e9 feita atrav\u00e9s do sistema de registro do LACNIC: http:\/\/eventos.lacnic.net Instru\u00e7\u00f5es de inscri\u00e7\u00e3o para a comunidade: Associados 1. LACNIC envia um e-mail para a caixa de correio dos usu\u00e1rios dos 5 pontos de contato de sua empresa (usu\u00e1rios cadastrados na nossa base de dados e diretamente relacionados com a organiza\u00e7\u00e3o associada): Contato [&hellip;]<\/p>\n","protected":false},"author":1,"featured_media":0,"parent":0,"menu_order":0,"comment_status":"closed","ping_status":"closed","template":"","meta":{"_acf_changed":false,"footnotes":""},"class_list":["post-236","page","type-page","status-publish","hentry"],"acf":[],"yoast_head":"<!-- This site is optimized with the Yoast SEO plugin v26.4 - https:\/\/yoast.com\/wordpress\/plugins\/seo\/ -->\n<title>CAMPUS LACNIC &#8211; Inscri\u00e7\u00e3o<\/title>\n<meta name=\"robots\" content=\"index, follow, max-snippet:-1, max-image-preview:large, max-video-preview:-1\" \/>\n<link rel=\"canonical\" href=\"https:\/\/campus.lacnic.net\/inscripcion\/\" \/>\n<meta property=\"og:locale\" content=\"pt_BR\" \/>\n<meta property=\"og:type\" content=\"article\" \/>\n<meta property=\"og:title\" content=\"CAMPUS LACNIC &#8211; Inscri\u00e7\u00e3o\" \/>\n<meta property=\"og:description\" content=\"Comunidade A inscri\u00e7\u00e3o \u00e9 feita atrav\u00e9s do sistema de registro do LACNIC: http:\/\/eventos.lacnic.net Instru\u00e7\u00f5es de inscri\u00e7\u00e3o para a comunidade: Associados 1. LACNIC envia um e-mail para a caixa de correio dos usu\u00e1rios dos 5 pontos de contato de sua empresa (usu\u00e1rios cadastrados na nossa base de dados e diretamente relacionados com a organiza\u00e7\u00e3o associada): Contato [&hellip;]\" \/>\n<meta property=\"og:url\" content=\"https:\/\/campus.lacnic.net\/inscripcion\/\" \/>\n<meta property=\"og:site_name\" content=\"CAMPUS LACNIC\" \/>\n<meta property=\"article:modified_time\" content=\"2024-01-08T17:51:00+00:00\" \/>\n<meta property=\"og:image\" content=\"https:\/\/campus.lacnic.net\/wp-content\/themes\/campus-theme\/images\/comunidad.svg\" \/>\n<meta name=\"twitter:card\" content=\"summary_large_image\" \/>\n<meta name=\"twitter:label1\" content=\"Est. tempo de leitura\" \/>\n\t<meta name=\"twitter:data1\" content=\"1 minuto\" \/>\n<script type=\"application\/ld+json\" class=\"yoast-schema-graph\">{\"@context\":\"https:\/\/schema.org\",\"@graph\":[{\"@type\":\"WebPage\",\"@id\":\"https:\/\/campus.lacnic.net\/inscripcion\/\",\"url\":\"https:\/\/campus.lacnic.net\/inscripcion\/\",\"name\":\"CAMPUS LACNIC &#8211; Inscri\u00e7\u00e3o\",\"isPartOf\":{\"@id\":\"https:\/\/campus.lacnic.net\/#website\"},\"primaryImageOfPage\":{\"@id\":\"https:\/\/campus.lacnic.net\/inscripcion\/#primaryimage\"},\"image\":{\"@id\":\"https:\/\/campus.lacnic.net\/inscripcion\/#primaryimage\"},\"thumbnailUrl\":\"https:\/\/campus.lacnic.net\/wp-content\/themes\/campus-theme\/images\/comunidad.svg\",\"datePublished\":\"2023-10-31T13:37:13+00:00\",\"dateModified\":\"2024-01-08T17:51:00+00:00\",\"breadcrumb\":{\"@id\":\"https:\/\/campus.lacnic.net\/inscripcion\/#breadcrumb\"},\"inLanguage\":\"pt-BR\",\"potentialAction\":[{\"@type\":\"ReadAction\",\"target\":[\"https:\/\/campus.lacnic.net\/inscripcion\/\"]}]},{\"@type\":\"ImageObject\",\"inLanguage\":\"pt-BR\",\"@id\":\"https:\/\/campus.lacnic.net\/inscripcion\/#primaryimage\",\"url\":\"https:\/\/campus.lacnic.net\/wp-content\/themes\/campus-theme\/images\/comunidad.svg\",\"contentUrl\":\"https:\/\/campus.lacnic.net\/wp-content\/themes\/campus-theme\/images\/comunidad.svg\"},{\"@type\":\"BreadcrumbList\",\"@id\":\"https:\/\/campus.lacnic.net\/inscripcion\/#breadcrumb\",\"itemListElement\":[{\"@type\":\"ListItem\",\"position\":1,\"name\":\"Portada\",\"item\":\"https:\/\/campus.lacnic.net\/pt-br\/\"},{\"@type\":\"ListItem\",\"position\":2,\"name\":\"Inscri\u00e7\u00e3o\"}]},{\"@type\":\"WebSite\",\"@id\":\"https:\/\/campus.lacnic.net\/#website\",\"url\":\"https:\/\/campus.lacnic.net\/\",\"name\":\"CAMPUS LACNIC\",\"description\":\"\",\"publisher\":{\"@id\":\"https:\/\/campus.lacnic.net\/#organization\"},\"potentialAction\":[{\"@type\":\"SearchAction\",\"target\":{\"@type\":\"EntryPoint\",\"urlTemplate\":\"https:\/\/campus.lacnic.net\/?s={search_term_string}\"},\"query-input\":{\"@type\":\"PropertyValueSpecification\",\"valueRequired\":true,\"valueName\":\"search_term_string\"}}],\"inLanguage\":\"pt-BR\"},{\"@type\":\"Organization\",\"@id\":\"https:\/\/campus.lacnic.net\/#organization\",\"name\":\"CAMPUS LACNIC\",\"url\":\"https:\/\/campus.lacnic.net\/\",\"logo\":{\"@type\":\"ImageObject\",\"inLanguage\":\"pt-BR\",\"@id\":\"https:\/\/campus.lacnic.net\/#\/schema\/logo\/image\/\",\"url\":\"https:\/\/campus.lacnic.net\/wp-content\/uploads\/2024\/04\/lacnic-campus-logo-seo.png\",\"contentUrl\":\"https:\/\/campus.lacnic.net\/wp-content\/uploads\/2024\/04\/lacnic-campus-logo-seo.png\",\"width\":696,\"height\":696,\"caption\":\"CAMPUS LACNIC\"},\"image\":{\"@id\":\"https:\/\/campus.lacnic.net\/#\/schema\/logo\/image\/\"}}]}<\/script>\n<!-- \/ Yoast SEO plugin. -->","yoast_head_json":{"title":"CAMPUS LACNIC &#8211; Inscri\u00e7\u00e3o","robots":{"index":"index","follow":"follow","max-snippet":"max-snippet:-1","max-image-preview":"max-image-preview:large","max-video-preview":"max-video-preview:-1"},"canonical":"https:\/\/campus.lacnic.net\/inscripcion\/","og_locale":"pt_BR","og_type":"article","og_title":"CAMPUS LACNIC &#8211; Inscri\u00e7\u00e3o","og_description":"Comunidade A inscri\u00e7\u00e3o \u00e9 feita atrav\u00e9s do sistema de registro do LACNIC: http:\/\/eventos.lacnic.net Instru\u00e7\u00f5es de inscri\u00e7\u00e3o para a comunidade: Associados 1. LACNIC envia um e-mail para a caixa de correio dos usu\u00e1rios dos 5 pontos de contato de sua empresa (usu\u00e1rios cadastrados na nossa base de dados e diretamente relacionados com a organiza\u00e7\u00e3o associada): Contato [&hellip;]","og_url":"https:\/\/campus.lacnic.net\/inscripcion\/","og_site_name":"CAMPUS LACNIC","article_modified_time":"2024-01-08T17:51:00+00:00","og_image":[{"url":"https:\/\/campus.lacnic.net\/wp-content\/themes\/campus-theme\/images\/comunidad.svg","type":"","width":"","height":""}],"twitter_card":"summary_large_image","twitter_misc":{"Est. tempo de leitura":"1 minuto"},"schema":{"@context":"https:\/\/schema.org","@graph":[{"@type":"WebPage","@id":"https:\/\/campus.lacnic.net\/inscripcion\/","url":"https:\/\/campus.lacnic.net\/inscripcion\/","name":"CAMPUS LACNIC &#8211; Inscri\u00e7\u00e3o","isPartOf":{"@id":"https:\/\/campus.lacnic.net\/#website"},"primaryImageOfPage":{"@id":"https:\/\/campus.lacnic.net\/inscripcion\/#primaryimage"},"image":{"@id":"https:\/\/campus.lacnic.net\/inscripcion\/#primaryimage"},"thumbnailUrl":"https:\/\/campus.lacnic.net\/wp-content\/themes\/campus-theme\/images\/comunidad.svg","datePublished":"2023-10-31T13:37:13+00:00","dateModified":"2024-01-08T17:51:00+00:00","breadcrumb":{"@id":"https:\/\/campus.lacnic.net\/inscripcion\/#breadcrumb"},"inLanguage":"pt-BR","potentialAction":[{"@type":"ReadAction","target":["https:\/\/campus.lacnic.net\/inscripcion\/"]}]},{"@type":"ImageObject","inLanguage":"pt-BR","@id":"https:\/\/campus.lacnic.net\/inscripcion\/#primaryimage","url":"https:\/\/campus.lacnic.net\/wp-content\/themes\/campus-theme\/images\/comunidad.svg","contentUrl":"https:\/\/campus.lacnic.net\/wp-content\/themes\/campus-theme\/images\/comunidad.svg"},{"@type":"BreadcrumbList","@id":"https:\/\/campus.lacnic.net\/inscripcion\/#breadcrumb","itemListElement":[{"@type":"ListItem","position":1,"name":"Portada","item":"https:\/\/campus.lacnic.net\/pt-br\/"},{"@type":"ListItem","position":2,"name":"Inscri\u00e7\u00e3o"}]},{"@type":"WebSite","@id":"https:\/\/campus.lacnic.net\/#website","url":"https:\/\/campus.lacnic.net\/","name":"CAMPUS LACNIC","description":"","publisher":{"@id":"https:\/\/campus.lacnic.net\/#organization"},"potentialAction":[{"@type":"SearchAction","target":{"@type":"EntryPoint","urlTemplate":"https:\/\/campus.lacnic.net\/?s={search_term_string}"},"query-input":{"@type":"PropertyValueSpecification","valueRequired":true,"valueName":"search_term_string"}}],"inLanguage":"pt-BR"},{"@type":"Organization","@id":"https:\/\/campus.lacnic.net\/#organization","name":"CAMPUS LACNIC","url":"https:\/\/campus.lacnic.net\/","logo":{"@type":"ImageObject","inLanguage":"pt-BR","@id":"https:\/\/campus.lacnic.net\/#\/schema\/logo\/image\/","url":"https:\/\/campus.lacnic.net\/wp-content\/uploads\/2024\/04\/lacnic-campus-logo-seo.png","contentUrl":"https:\/\/campus.lacnic.net\/wp-content\/uploads\/2024\/04\/lacnic-campus-logo-seo.png","width":696,"height":696,"caption":"CAMPUS LACNIC"},"image":{"@id":"https:\/\/campus.lacnic.net\/#\/schema\/logo\/image\/"}}]}},"_links":{"self":[{"href":"https:\/\/campus.lacnic.net\/pt-br\/wp-json\/wp\/v2\/pages\/236","targetHints":{"allow":["GET"]}}],"collection":[{"href":"https:\/\/campus.lacnic.net\/pt-br\/wp-json\/wp\/v2\/pages"}],"about":[{"href":"https:\/\/campus.lacnic.net\/pt-br\/wp-json\/wp\/v2\/types\/page"}],"author":[{"embeddable":true,"href":"https:\/\/campus.lacnic.net\/pt-br\/wp-json\/wp\/v2\/users\/1"}],"replies":[{"embeddable":true,"href":"https:\/\/campus.lacnic.net\/pt-br\/wp-json\/wp\/v2\/comments?post=236"}],"version-history":[{"count":3,"href":"https:\/\/campus.lacnic.net\/pt-br\/wp-json\/wp\/v2\/pages\/236\/revisions"}],"predecessor-version":[{"id":372,"href":"https:\/\/campus.lacnic.net\/pt-br\/wp-json\/wp\/v2\/pages\/236\/revisions\/372"}],"wp:attachment":[{"href":"https:\/\/campus.lacnic.net\/pt-br\/wp-json\/wp\/v2\/media?parent=236"}],"curies":[{"name":"wp","href":"https:\/\/api.w.org\/{rel}","templated":true}]}}