{"id":193,"date":"2023-10-31T00:29:28","date_gmt":"2023-10-31T00:29:28","guid":{"rendered":"https:\/\/campus.lacnic.net\/modalidades-aprendizaje\/"},"modified":"2023-10-31T11:25:07","modified_gmt":"2023-10-31T11:25:07","slug":"modalidades-aprendizagem","status":"publish","type":"page","link":"https:\/\/campus.lacnic.net\/pt-br\/modalidades-aprendizagem\/","title":{"rendered":"Modalidades de aprendizagem"},"content":{"rendered":"\n<p><strong>O Campus LACNIC oferece duas modalidades de capacita\u00e7\u00e3o on-line para garantir a acessibilidade e a continuidade do aprendizado na regi\u00e3o.<\/strong><\/p>\n\n\n\n<div id=\"certificacion\">\n\t<div>\n\t\t<span><img decoding=\"async\" src=\"https:\/\/campus.lacnic.net\/wp-content\/themes\/campus-theme\/images\/mod-auto.svg\">Auto-assistida<\/span>\n\t\t<p>Essa modalidade permite que o aluno acesse o conte\u00fado do curso no seu pr\u00f3prio ritmo durante o tempo que dure a capacita\u00e7\u00e3o.<\/p>\n<p>Vai transitar por m\u00f3dulos nos que poder\u00e1 assistir a v\u00eddeos explicativos, ter material te\u00f3rico para download, fazer autoavalia\u00e7\u00f5es que ajudar\u00e3o na experi\u00eancia de aprendizado e, por fim, desenvolver a avalia\u00e7\u00e3o final.<\/p>\n\n<p>A carga hor\u00e1ria do curso depender\u00e1 da disciplina e pode variar entre 20 e 65 horas de dedica\u00e7\u00e3o, que podem ser distribu\u00eddas em 5 horas de estudo por semana.<\/p>\n\n<p>O participante deve fazer uma avalia\u00e7\u00e3o final e obter uma nota igual ou superior a 70% para ter acesso ao certificado de aprova\u00e7\u00e3o do curso.<\/p>\n\n<p><strong><em>Os cursos oferecidos nesta modalidade s\u00e3o totalmente gratuitos.<\/em><\/strong><\/p>\n\t<\/div>\n\t<div>\n\t\t<span><img decoding=\"async\" src=\"https:\/\/campus.lacnic.net\/wp-content\/themes\/campus-theme\/images\/mod-tutor.svg\">Assistida por tutor<\/span>\n\t\t<p>O aluno ser\u00e1 orientado por um especialista durante todo o curso.<\/p>\n<p>O material de estudo est\u00e1 organizado em m\u00f3dulos que ser\u00e3o abertos a cada semana.<\/p>\n\n<p>Durante este per\u00edodo, o aluno ter\u00e1 acesso a material te\u00f3rico para download, v\u00eddeos explicativos, atividades pr\u00e1ticas e autoavalia\u00e7\u00f5es.<\/p>\n\n<p>Al\u00e9m disso, haver\u00e1 um f\u00f3rum de discuss\u00e3o para cada m\u00f3dulo, por meio do qual poder\u00e1 se comunicar com o tutor e seus colegas, tirar d\u00favidas e consultas.<\/p>\n\n<p>Tanto o f\u00f3rum quanto as autoavalia\u00e7\u00f5es de cada m\u00f3dulo estar\u00e3o dispon\u00edveis apenas durante a semana em que o referido m\u00f3dulo for realizado, encerrando-se assim que terminar.<\/p>\n\n<p>No \u00faltimo m\u00f3dulo, ser\u00e1 habilitada a avalia\u00e7\u00e3o final que o participante dever\u00e1 fazer e obter uma nota m\u00ednima de 70% para acessar o certificado de aprova\u00e7\u00e3o do curso.<\/p>\n\n<p><strong><em>Os cursos oferecidos nesta modalidade t\u00eam um custo.<\/em><\/strong><\/p>\n\t<\/div>\n<\/div>\n","protected":false},"excerpt":{"rendered":"<p>O Campus LACNIC oferece duas modalidades de capacita\u00e7\u00e3o on-line para garantir a acessibilidade e a continuidade do aprendizado na regi\u00e3o. Auto-assistida Essa modalidade permite que o aluno acesse o conte\u00fado do curso no seu pr\u00f3prio ritmo durante o tempo que dure a capacita\u00e7\u00e3o. Vai transitar por m\u00f3dulos nos que poder\u00e1 assistir a v\u00eddeos explicativos, ter [&hellip;]<\/p>\n","protected":false},"author":1,"featured_media":0,"parent":0,"menu_order":0,"comment_status":"closed","ping_status":"closed","template":"","meta":{"_acf_changed":false,"footnotes":""},"class_list":["post-193","page","type-page","status-publish","hentry"],"acf":[],"yoast_head":"<!-- This site is optimized with the Yoast SEO plugin v26.4 - https:\/\/yoast.com\/wordpress\/plugins\/seo\/ -->\n<title>CAMPUS LACNIC &#8211; Modalidades de aprendizagem<\/title>\n<meta name=\"robots\" content=\"index, follow, max-snippet:-1, max-image-preview:large, max-video-preview:-1\" \/>\n<link rel=\"canonical\" href=\"https:\/\/campus.lacnic.net\/modalidades-aprendizaje\/\" \/>\n<meta property=\"og:locale\" content=\"pt_BR\" \/>\n<meta property=\"og:type\" content=\"article\" \/>\n<meta property=\"og:title\" content=\"CAMPUS LACNIC &#8211; Modalidades de aprendizagem\" \/>\n<meta property=\"og:description\" content=\"O Campus LACNIC oferece duas modalidades de capacita\u00e7\u00e3o on-line para garantir a acessibilidade e a continuidade do aprendizado na regi\u00e3o. Auto-assistida Essa modalidade permite que o aluno acesse o conte\u00fado do curso no seu pr\u00f3prio ritmo durante o tempo que dure a capacita\u00e7\u00e3o. Vai transitar por m\u00f3dulos nos que poder\u00e1 assistir a v\u00eddeos explicativos, ter [&hellip;]\" \/>\n<meta property=\"og:url\" content=\"https:\/\/campus.lacnic.net\/modalidades-aprendizaje\/\" \/>\n<meta property=\"og:site_name\" content=\"CAMPUS LACNIC\" \/>\n<meta property=\"article:modified_time\" content=\"2023-10-31T11:25:07+00:00\" \/>\n<meta property=\"og:image\" content=\"https:\/\/campus.lacnic.net\/wp-content\/themes\/campus-theme\/images\/mod-auto.svg\" \/>\n<meta name=\"twitter:card\" content=\"summary_large_image\" \/>\n<meta name=\"twitter:label1\" content=\"Est. tempo de leitura\" \/>\n\t<meta name=\"twitter:data1\" content=\"2 minutos\" \/>\n<script type=\"application\/ld+json\" class=\"yoast-schema-graph\">{\"@context\":\"https:\/\/schema.org\",\"@graph\":[{\"@type\":\"WebPage\",\"@id\":\"https:\/\/campus.lacnic.net\/modalidades-aprendizaje\/\",\"url\":\"https:\/\/campus.lacnic.net\/modalidades-aprendizaje\/\",\"name\":\"CAMPUS LACNIC &#8211; Modalidades de aprendizagem\",\"isPartOf\":{\"@id\":\"https:\/\/campus.lacnic.net\/#website\"},\"primaryImageOfPage\":{\"@id\":\"https:\/\/campus.lacnic.net\/modalidades-aprendizaje\/#primaryimage\"},\"image\":{\"@id\":\"https:\/\/campus.lacnic.net\/modalidades-aprendizaje\/#primaryimage\"},\"thumbnailUrl\":\"https:\/\/campus.lacnic.net\/wp-content\/themes\/campus-theme\/images\/mod-auto.svg\",\"datePublished\":\"2023-10-31T00:29:28+00:00\",\"dateModified\":\"2023-10-31T11:25:07+00:00\",\"breadcrumb\":{\"@id\":\"https:\/\/campus.lacnic.net\/modalidades-aprendizaje\/#breadcrumb\"},\"inLanguage\":\"pt-BR\",\"potentialAction\":[{\"@type\":\"ReadAction\",\"target\":[\"https:\/\/campus.lacnic.net\/modalidades-aprendizaje\/\"]}]},{\"@type\":\"ImageObject\",\"inLanguage\":\"pt-BR\",\"@id\":\"https:\/\/campus.lacnic.net\/modalidades-aprendizaje\/#primaryimage\",\"url\":\"https:\/\/campus.lacnic.net\/wp-content\/themes\/campus-theme\/images\/mod-auto.svg\",\"contentUrl\":\"https:\/\/campus.lacnic.net\/wp-content\/themes\/campus-theme\/images\/mod-auto.svg\"},{\"@type\":\"BreadcrumbList\",\"@id\":\"https:\/\/campus.lacnic.net\/modalidades-aprendizaje\/#breadcrumb\",\"itemListElement\":[{\"@type\":\"ListItem\",\"position\":1,\"name\":\"Portada\",\"item\":\"https:\/\/campus.lacnic.net\/pt-br\/\"},{\"@type\":\"ListItem\",\"position\":2,\"name\":\"Modalidades de aprendizagem\"}]},{\"@type\":\"WebSite\",\"@id\":\"https:\/\/campus.lacnic.net\/#website\",\"url\":\"https:\/\/campus.lacnic.net\/\",\"name\":\"CAMPUS LACNIC\",\"description\":\"\",\"publisher\":{\"@id\":\"https:\/\/campus.lacnic.net\/#organization\"},\"potentialAction\":[{\"@type\":\"SearchAction\",\"target\":{\"@type\":\"EntryPoint\",\"urlTemplate\":\"https:\/\/campus.lacnic.net\/?s={search_term_string}\"},\"query-input\":{\"@type\":\"PropertyValueSpecification\",\"valueRequired\":true,\"valueName\":\"search_term_string\"}}],\"inLanguage\":\"pt-BR\"},{\"@type\":\"Organization\",\"@id\":\"https:\/\/campus.lacnic.net\/#organization\",\"name\":\"CAMPUS LACNIC\",\"url\":\"https:\/\/campus.lacnic.net\/\",\"logo\":{\"@type\":\"ImageObject\",\"inLanguage\":\"pt-BR\",\"@id\":\"https:\/\/campus.lacnic.net\/#\/schema\/logo\/image\/\",\"url\":\"https:\/\/campus.lacnic.net\/wp-content\/uploads\/2024\/04\/lacnic-campus-logo-seo.png\",\"contentUrl\":\"https:\/\/campus.lacnic.net\/wp-content\/uploads\/2024\/04\/lacnic-campus-logo-seo.png\",\"width\":696,\"height\":696,\"caption\":\"CAMPUS LACNIC\"},\"image\":{\"@id\":\"https:\/\/campus.lacnic.net\/#\/schema\/logo\/image\/\"}}]}<\/script>\n<!-- \/ Yoast SEO plugin. -->","yoast_head_json":{"title":"CAMPUS LACNIC &#8211; Modalidades de aprendizagem","robots":{"index":"index","follow":"follow","max-snippet":"max-snippet:-1","max-image-preview":"max-image-preview:large","max-video-preview":"max-video-preview:-1"},"canonical":"https:\/\/campus.lacnic.net\/modalidades-aprendizaje\/","og_locale":"pt_BR","og_type":"article","og_title":"CAMPUS LACNIC &#8211; Modalidades de aprendizagem","og_description":"O Campus LACNIC oferece duas modalidades de capacita\u00e7\u00e3o on-line para garantir a acessibilidade e a continuidade do aprendizado na regi\u00e3o. Auto-assistida Essa modalidade permite que o aluno acesse o conte\u00fado do curso no seu pr\u00f3prio ritmo durante o tempo que dure a capacita\u00e7\u00e3o. Vai transitar por m\u00f3dulos nos que poder\u00e1 assistir a v\u00eddeos explicativos, ter [&hellip;]","og_url":"https:\/\/campus.lacnic.net\/modalidades-aprendizaje\/","og_site_name":"CAMPUS LACNIC","article_modified_time":"2023-10-31T11:25:07+00:00","og_image":[{"url":"https:\/\/campus.lacnic.net\/wp-content\/themes\/campus-theme\/images\/mod-auto.svg","type":"","width":"","height":""}],"twitter_card":"summary_large_image","twitter_misc":{"Est. tempo de leitura":"2 minutos"},"schema":{"@context":"https:\/\/schema.org","@graph":[{"@type":"WebPage","@id":"https:\/\/campus.lacnic.net\/modalidades-aprendizaje\/","url":"https:\/\/campus.lacnic.net\/modalidades-aprendizaje\/","name":"CAMPUS LACNIC &#8211; Modalidades de aprendizagem","isPartOf":{"@id":"https:\/\/campus.lacnic.net\/#website"},"primaryImageOfPage":{"@id":"https:\/\/campus.lacnic.net\/modalidades-aprendizaje\/#primaryimage"},"image":{"@id":"https:\/\/campus.lacnic.net\/modalidades-aprendizaje\/#primaryimage"},"thumbnailUrl":"https:\/\/campus.lacnic.net\/wp-content\/themes\/campus-theme\/images\/mod-auto.svg","datePublished":"2023-10-31T00:29:28+00:00","dateModified":"2023-10-31T11:25:07+00:00","breadcrumb":{"@id":"https:\/\/campus.lacnic.net\/modalidades-aprendizaje\/#breadcrumb"},"inLanguage":"pt-BR","potentialAction":[{"@type":"ReadAction","target":["https:\/\/campus.lacnic.net\/modalidades-aprendizaje\/"]}]},{"@type":"ImageObject","inLanguage":"pt-BR","@id":"https:\/\/campus.lacnic.net\/modalidades-aprendizaje\/#primaryimage","url":"https:\/\/campus.lacnic.net\/wp-content\/themes\/campus-theme\/images\/mod-auto.svg","contentUrl":"https:\/\/campus.lacnic.net\/wp-content\/themes\/campus-theme\/images\/mod-auto.svg"},{"@type":"BreadcrumbList","@id":"https:\/\/campus.lacnic.net\/modalidades-aprendizaje\/#breadcrumb","itemListElement":[{"@type":"ListItem","position":1,"name":"Portada","item":"https:\/\/campus.lacnic.net\/pt-br\/"},{"@type":"ListItem","position":2,"name":"Modalidades de aprendizagem"}]},{"@type":"WebSite","@id":"https:\/\/campus.lacnic.net\/#website","url":"https:\/\/campus.lacnic.net\/","name":"CAMPUS LACNIC","description":"","publisher":{"@id":"https:\/\/campus.lacnic.net\/#organization"},"potentialAction":[{"@type":"SearchAction","target":{"@type":"EntryPoint","urlTemplate":"https:\/\/campus.lacnic.net\/?s={search_term_string}"},"query-input":{"@type":"PropertyValueSpecification","valueRequired":true,"valueName":"search_term_string"}}],"inLanguage":"pt-BR"},{"@type":"Organization","@id":"https:\/\/campus.lacnic.net\/#organization","name":"CAMPUS LACNIC","url":"https:\/\/campus.lacnic.net\/","logo":{"@type":"ImageObject","inLanguage":"pt-BR","@id":"https:\/\/campus.lacnic.net\/#\/schema\/logo\/image\/","url":"https:\/\/campus.lacnic.net\/wp-content\/uploads\/2024\/04\/lacnic-campus-logo-seo.png","contentUrl":"https:\/\/campus.lacnic.net\/wp-content\/uploads\/2024\/04\/lacnic-campus-logo-seo.png","width":696,"height":696,"caption":"CAMPUS LACNIC"},"image":{"@id":"https:\/\/campus.lacnic.net\/#\/schema\/logo\/image\/"}}]}},"_links":{"self":[{"href":"https:\/\/campus.lacnic.net\/pt-br\/wp-json\/wp\/v2\/pages\/193","targetHints":{"allow":["GET"]}}],"collection":[{"href":"https:\/\/campus.lacnic.net\/pt-br\/wp-json\/wp\/v2\/pages"}],"about":[{"href":"https:\/\/campus.lacnic.net\/pt-br\/wp-json\/wp\/v2\/types\/page"}],"author":[{"embeddable":true,"href":"https:\/\/campus.lacnic.net\/pt-br\/wp-json\/wp\/v2\/users\/1"}],"replies":[{"embeddable":true,"href":"https:\/\/campus.lacnic.net\/pt-br\/wp-json\/wp\/v2\/comments?post=193"}],"version-history":[{"count":2,"href":"https:\/\/campus.lacnic.net\/pt-br\/wp-json\/wp\/v2\/pages\/193\/revisions"}],"predecessor-version":[{"id":201,"href":"https:\/\/campus.lacnic.net\/pt-br\/wp-json\/wp\/v2\/pages\/193\/revisions\/201"}],"wp:attachment":[{"href":"https:\/\/campus.lacnic.net\/pt-br\/wp-json\/wp\/v2\/media?parent=193"}],"curies":[{"name":"wp","href":"https:\/\/api.w.org\/{rel}","templated":true}]}}