{"id":109,"date":"2023-10-26T18:20:04","date_gmt":"2023-10-26T18:20:04","guid":{"rendered":"https:\/\/campus.lacnic.net\/?page_id=109"},"modified":"2025-08-26T12:21:09","modified_gmt":"2025-08-26T12:21:09","slug":"certificacao","status":"publish","type":"page","link":"https:\/\/campus.lacnic.net\/pt-br\/certificacao\/","title":{"rendered":"Certifica\u00e7\u00e3o"},"content":{"rendered":"\n<h2>Exame de Certifica\u00e7\u00e3o LACNIC<\/h2>\n<p>Os alunos de qualquer uma das especializa\u00e7\u00f5es do Campus LACNIC \u2014Opera\u00e7\u00f5es de Redes ISP, Data Centers e Campus\u2014 podem fazer um exame de certifica\u00e7\u00e3o on-line ou de modo presencial. Este exame valida formalmente os conhecimentos t\u00e9cnicos adquiridos, e emite um certificado oficial do LACNIC reconhecido a n\u00edvel regional, que apoia e aprimora o desenvolvimento profissional dos operadores de rede na Am\u00e9rica Latina e o Caribe.<\/p>\n<div id=\"certificacion\">\n\t<div>\n\t\t<span><img decoding=\"async\" src=\"https:\/\/campus.lacnic.net\/wp-content\/themes\/campus-theme\/images\/examen-online.svg\">Exame de certifica\u00e7\u00e3o on-line<\/span>\n      <h3>Em que consiste o exame?<\/h3>\n<p><strong>Modalidade:<\/strong> on-line e te\u00f3rico <\/p>\n<p><strong>Formato:<\/strong> 30 quest\u00f5es de m\u00faltipla escolha <\/p>\n<p><strong>Custo:<\/strong> gratuito <\/p>\n<p><strong>Idioma:<\/strong> espanhol <\/p>\n<p><strong>Verifica\u00e7\u00e3o e controle:<\/strong> realizado atrav\u00e9s da <a href=\"https:\/\/proctorio.com\/\" target=\"_blank\">plataforma Proctorio<\/a>, que garante a identidade do participante, protege o conte\u00fado e valida as respostas. <\/p>\n<p><strong>Prepara\u00e7\u00e3o para o exame:<\/strong> um v\u00eddeo instrucional ser\u00e1 enviado com diretrizes a seguir para garantir o correto desenvolvimento da avalia\u00e7\u00e3o. <\/p>\n<h3>Requisitos para acessar o exame  <\/h3>\n<p>\u00c9 necess\u00e1rio ter conclu\u00eddo os tr\u00eas n\u00edveis da especializa\u00e7\u00e3o espec\u00edfica, seja em Redes ISP, Redes de Data Centers ou Redes Campus.  <\/p>\n<h3>Datas de exame  <\/h3>\n<p>O exame de certifica\u00e7\u00e3o on-line est\u00e1 dispon\u00edvel nas diferentes edi\u00e7\u00f5es anunciadas neste site e requer inscri\u00e7\u00e3o pr\u00e9via. Para datas e disponibilidade, entre em contato com <a href=\"mailto:campus@lacnic.net\">campus@lacnic.net<\/a><\/p>\n\t<\/div>\n\t<div>\n\t\t<span><img decoding=\"async\" src=\"https:\/\/campus.lacnic.net\/wp-content\/themes\/campus-theme\/images\/examen-presencial.svg\">Exame de certifica\u00e7\u00e3o presencial<\/span>\n\t  <h3>Em que consiste o exame?<\/h3>\n\t\t<p><strong>Modalidade:<\/strong> presencial e te\u00f3rico <\/p>\n\t\t<p><strong>Formato:<\/strong> 30 quest\u00f5es de m\u00faltipla escolha <\/p>\n\t\t<p><strong>Custo:<\/strong> gratuito <\/p>\n\t\t<p><strong>Idioma:<\/strong> espanhol <\/p>\n\t\t<p><strong>Local:<\/strong> Espa\u00e7o exclusivo (sala) dentro dos eventos do LACNIC.<\/p>\n\t\t<p><strong>Realiza\u00e7\u00e3o:<\/strong> o exame \u00e9 realizado no computador do participante e com o suporte presencial de professores do Campus. <\/p>\n\t\t<h3>Requisitos para acessar o exame\t\t  <\/h3>\n\t\t<p>Somente \u00e9 necess\u00e1rio ter conclu\u00eddo os <a href=\"https:\/\/campus.lacnic.net\/cursos-obligatorios\/\" target=\"_blank\">cursos obrigat\u00f3rios<\/a>* da especializa\u00e7\u00e3o escolhida, seja em Redes ISP, Redes de Data Centers ou Redes Campus.\n\t\t  Da mesma forma, os participantes que conclu\u00edram a totalidade dos cursos dos tr\u00eas n\u00edveis da especializa\u00e7\u00e3o espec\u00edfica tamb\u00e9m podem acessar. <\/p>\n\t\t<h3>Datas de exame\t\t  <\/h3>\n\t\t<p>O exame de certifica\u00e7\u00e3o presencial est\u00e1 dispon\u00edvel nos <a href=\"https:\/\/www.lacnic.net\/1949\/1\/lacnic\/eventos\" target=\"_blank\">dois eventos anuais do LACNIC<\/a> (meses de maio e outubro) e requer inscri\u00e7\u00e3o pr\u00e9via. Para datas e disponibilidade, entre em contato com <a href=\"mailto:campus@lacnic.net\">campus@lacnic.net<\/a><\/p>\n\t<\/div>\n<\/div>\n\n\n\n<div id=\"botones\">\n\t<a href=\"https:\/\/campus.lacnic.net\/pt-br\/faq\/#faqexamencertificador\">\n\t\t<div>\n\t\t\t<img decoding=\"async\" src=\"https:\/\/campus.lacnic.net\/wp-content\/themes\/campus-theme\/images\/home_faq.svg\">\n\t\t\t<span>Perguntas frequentes<\/span>\n\t\t<\/div>\n\t<\/a>\n<\/div>\n","protected":false},"excerpt":{"rendered":"<p>Exame de Certifica\u00e7\u00e3o LACNIC Os alunos de qualquer uma das especializa\u00e7\u00f5es do Campus LACNIC \u2014Opera\u00e7\u00f5es de Redes ISP, Data Centers e Campus\u2014 podem fazer um exame de certifica\u00e7\u00e3o on-line ou de modo presencial. Este exame valida formalmente os conhecimentos t\u00e9cnicos adquiridos, e emite um certificado oficial do LACNIC reconhecido a n\u00edvel regional, que apoia e [&hellip;]<\/p>\n","protected":false},"author":1,"featured_media":0,"parent":0,"menu_order":0,"comment_status":"closed","ping_status":"closed","template":"","meta":{"_acf_changed":false,"footnotes":""},"class_list":["post-109","page","type-page","status-publish","hentry"],"acf":[],"yoast_head":"<!-- This site is optimized with the Yoast SEO plugin v26.4 - https:\/\/yoast.com\/wordpress\/plugins\/seo\/ -->\n<title>CAMPUS LACNIC &#8211; Certifica\u00e7\u00e3o<\/title>\n<meta name=\"robots\" content=\"index, follow, max-snippet:-1, max-image-preview:large, max-video-preview:-1\" \/>\n<link rel=\"canonical\" href=\"https:\/\/campus.lacnic.net\/pt-br\/certificacao\/\" \/>\n<meta property=\"og:locale\" content=\"pt_BR\" \/>\n<meta property=\"og:type\" content=\"article\" \/>\n<meta property=\"og:title\" content=\"CAMPUS LACNIC &#8211; Certifica\u00e7\u00e3o\" \/>\n<meta property=\"og:description\" content=\"Exame de Certifica\u00e7\u00e3o LACNIC Os alunos de qualquer uma das especializa\u00e7\u00f5es do Campus LACNIC \u2014Opera\u00e7\u00f5es de Redes ISP, Data Centers e Campus\u2014 podem fazer um exame de certifica\u00e7\u00e3o on-line ou de modo presencial. Este exame valida formalmente os conhecimentos t\u00e9cnicos adquiridos, e emite um certificado oficial do LACNIC reconhecido a n\u00edvel regional, que apoia e [&hellip;]\" \/>\n<meta property=\"og:url\" content=\"https:\/\/campus.lacnic.net\/pt-br\/certificacao\/\" \/>\n<meta property=\"og:site_name\" content=\"CAMPUS LACNIC\" \/>\n<meta property=\"article:modified_time\" content=\"2025-08-26T12:21:09+00:00\" \/>\n<meta property=\"og:image\" content=\"https:\/\/campus.lacnic.net\/wp-content\/themes\/campus-theme\/images\/examen-online.svg\" \/>\n<meta name=\"twitter:card\" content=\"summary_large_image\" \/>\n<meta name=\"twitter:label1\" content=\"Est. tempo de leitura\" \/>\n\t<meta name=\"twitter:data1\" content=\"1 minuto\" \/>\n<script type=\"application\/ld+json\" class=\"yoast-schema-graph\">{\"@context\":\"https:\/\/schema.org\",\"@graph\":[{\"@type\":\"WebPage\",\"@id\":\"https:\/\/campus.lacnic.net\/pt-br\/certificacao\/\",\"url\":\"https:\/\/campus.lacnic.net\/pt-br\/certificacao\/\",\"name\":\"CAMPUS LACNIC &#8211; Certifica\u00e7\u00e3o\",\"isPartOf\":{\"@id\":\"https:\/\/campus.lacnic.net\/#website\"},\"primaryImageOfPage\":{\"@id\":\"https:\/\/campus.lacnic.net\/pt-br\/certificacao\/#primaryimage\"},\"image\":{\"@id\":\"https:\/\/campus.lacnic.net\/pt-br\/certificacao\/#primaryimage\"},\"thumbnailUrl\":\"https:\/\/campus.lacnic.net\/wp-content\/themes\/campus-theme\/images\/examen-online.svg\",\"datePublished\":\"2023-10-26T18:20:04+00:00\",\"dateModified\":\"2025-08-26T12:21:09+00:00\",\"breadcrumb\":{\"@id\":\"https:\/\/campus.lacnic.net\/pt-br\/certificacao\/#breadcrumb\"},\"inLanguage\":\"pt-BR\",\"potentialAction\":[{\"@type\":\"ReadAction\",\"target\":[\"https:\/\/campus.lacnic.net\/pt-br\/certificacao\/\"]}]},{\"@type\":\"ImageObject\",\"inLanguage\":\"pt-BR\",\"@id\":\"https:\/\/campus.lacnic.net\/pt-br\/certificacao\/#primaryimage\",\"url\":\"https:\/\/campus.lacnic.net\/wp-content\/themes\/campus-theme\/images\/examen-online.svg\",\"contentUrl\":\"https:\/\/campus.lacnic.net\/wp-content\/themes\/campus-theme\/images\/examen-online.svg\"},{\"@type\":\"BreadcrumbList\",\"@id\":\"https:\/\/campus.lacnic.net\/pt-br\/certificacao\/#breadcrumb\",\"itemListElement\":[{\"@type\":\"ListItem\",\"position\":1,\"name\":\"Portada\",\"item\":\"https:\/\/campus.lacnic.net\/pt-br\/\"},{\"@type\":\"ListItem\",\"position\":2,\"name\":\"Certifica\u00e7\u00e3o\"}]},{\"@type\":\"WebSite\",\"@id\":\"https:\/\/campus.lacnic.net\/#website\",\"url\":\"https:\/\/campus.lacnic.net\/\",\"name\":\"CAMPUS LACNIC\",\"description\":\"\",\"publisher\":{\"@id\":\"https:\/\/campus.lacnic.net\/#organization\"},\"potentialAction\":[{\"@type\":\"SearchAction\",\"target\":{\"@type\":\"EntryPoint\",\"urlTemplate\":\"https:\/\/campus.lacnic.net\/?s={search_term_string}\"},\"query-input\":{\"@type\":\"PropertyValueSpecification\",\"valueRequired\":true,\"valueName\":\"search_term_string\"}}],\"inLanguage\":\"pt-BR\"},{\"@type\":\"Organization\",\"@id\":\"https:\/\/campus.lacnic.net\/#organization\",\"name\":\"CAMPUS LACNIC\",\"url\":\"https:\/\/campus.lacnic.net\/\",\"logo\":{\"@type\":\"ImageObject\",\"inLanguage\":\"pt-BR\",\"@id\":\"https:\/\/campus.lacnic.net\/#\/schema\/logo\/image\/\",\"url\":\"https:\/\/campus.lacnic.net\/wp-content\/uploads\/2024\/04\/lacnic-campus-logo-seo.png\",\"contentUrl\":\"https:\/\/campus.lacnic.net\/wp-content\/uploads\/2024\/04\/lacnic-campus-logo-seo.png\",\"width\":696,\"height\":696,\"caption\":\"CAMPUS LACNIC\"},\"image\":{\"@id\":\"https:\/\/campus.lacnic.net\/#\/schema\/logo\/image\/\"}}]}<\/script>\n<!-- \/ Yoast SEO plugin. -->","yoast_head_json":{"title":"CAMPUS LACNIC &#8211; Certifica\u00e7\u00e3o","robots":{"index":"index","follow":"follow","max-snippet":"max-snippet:-1","max-image-preview":"max-image-preview:large","max-video-preview":"max-video-preview:-1"},"canonical":"https:\/\/campus.lacnic.net\/pt-br\/certificacao\/","og_locale":"pt_BR","og_type":"article","og_title":"CAMPUS LACNIC &#8211; Certifica\u00e7\u00e3o","og_description":"Exame de Certifica\u00e7\u00e3o LACNIC Os alunos de qualquer uma das especializa\u00e7\u00f5es do Campus LACNIC \u2014Opera\u00e7\u00f5es de Redes ISP, Data Centers e Campus\u2014 podem fazer um exame de certifica\u00e7\u00e3o on-line ou de modo presencial. Este exame valida formalmente os conhecimentos t\u00e9cnicos adquiridos, e emite um certificado oficial do LACNIC reconhecido a n\u00edvel regional, que apoia e [&hellip;]","og_url":"https:\/\/campus.lacnic.net\/pt-br\/certificacao\/","og_site_name":"CAMPUS LACNIC","article_modified_time":"2025-08-26T12:21:09+00:00","og_image":[{"url":"https:\/\/campus.lacnic.net\/wp-content\/themes\/campus-theme\/images\/examen-online.svg","type":"","width":"","height":""}],"twitter_card":"summary_large_image","twitter_misc":{"Est. tempo de leitura":"1 minuto"},"schema":{"@context":"https:\/\/schema.org","@graph":[{"@type":"WebPage","@id":"https:\/\/campus.lacnic.net\/pt-br\/certificacao\/","url":"https:\/\/campus.lacnic.net\/pt-br\/certificacao\/","name":"CAMPUS LACNIC &#8211; Certifica\u00e7\u00e3o","isPartOf":{"@id":"https:\/\/campus.lacnic.net\/#website"},"primaryImageOfPage":{"@id":"https:\/\/campus.lacnic.net\/pt-br\/certificacao\/#primaryimage"},"image":{"@id":"https:\/\/campus.lacnic.net\/pt-br\/certificacao\/#primaryimage"},"thumbnailUrl":"https:\/\/campus.lacnic.net\/wp-content\/themes\/campus-theme\/images\/examen-online.svg","datePublished":"2023-10-26T18:20:04+00:00","dateModified":"2025-08-26T12:21:09+00:00","breadcrumb":{"@id":"https:\/\/campus.lacnic.net\/pt-br\/certificacao\/#breadcrumb"},"inLanguage":"pt-BR","potentialAction":[{"@type":"ReadAction","target":["https:\/\/campus.lacnic.net\/pt-br\/certificacao\/"]}]},{"@type":"ImageObject","inLanguage":"pt-BR","@id":"https:\/\/campus.lacnic.net\/pt-br\/certificacao\/#primaryimage","url":"https:\/\/campus.lacnic.net\/wp-content\/themes\/campus-theme\/images\/examen-online.svg","contentUrl":"https:\/\/campus.lacnic.net\/wp-content\/themes\/campus-theme\/images\/examen-online.svg"},{"@type":"BreadcrumbList","@id":"https:\/\/campus.lacnic.net\/pt-br\/certificacao\/#breadcrumb","itemListElement":[{"@type":"ListItem","position":1,"name":"Portada","item":"https:\/\/campus.lacnic.net\/pt-br\/"},{"@type":"ListItem","position":2,"name":"Certifica\u00e7\u00e3o"}]},{"@type":"WebSite","@id":"https:\/\/campus.lacnic.net\/#website","url":"https:\/\/campus.lacnic.net\/","name":"CAMPUS LACNIC","description":"","publisher":{"@id":"https:\/\/campus.lacnic.net\/#organization"},"potentialAction":[{"@type":"SearchAction","target":{"@type":"EntryPoint","urlTemplate":"https:\/\/campus.lacnic.net\/?s={search_term_string}"},"query-input":{"@type":"PropertyValueSpecification","valueRequired":true,"valueName":"search_term_string"}}],"inLanguage":"pt-BR"},{"@type":"Organization","@id":"https:\/\/campus.lacnic.net\/#organization","name":"CAMPUS LACNIC","url":"https:\/\/campus.lacnic.net\/","logo":{"@type":"ImageObject","inLanguage":"pt-BR","@id":"https:\/\/campus.lacnic.net\/#\/schema\/logo\/image\/","url":"https:\/\/campus.lacnic.net\/wp-content\/uploads\/2024\/04\/lacnic-campus-logo-seo.png","contentUrl":"https:\/\/campus.lacnic.net\/wp-content\/uploads\/2024\/04\/lacnic-campus-logo-seo.png","width":696,"height":696,"caption":"CAMPUS LACNIC"},"image":{"@id":"https:\/\/campus.lacnic.net\/#\/schema\/logo\/image\/"}}]}},"_links":{"self":[{"href":"https:\/\/campus.lacnic.net\/pt-br\/wp-json\/wp\/v2\/pages\/109","targetHints":{"allow":["GET"]}}],"collection":[{"href":"https:\/\/campus.lacnic.net\/pt-br\/wp-json\/wp\/v2\/pages"}],"about":[{"href":"https:\/\/campus.lacnic.net\/pt-br\/wp-json\/wp\/v2\/types\/page"}],"author":[{"embeddable":true,"href":"https:\/\/campus.lacnic.net\/pt-br\/wp-json\/wp\/v2\/users\/1"}],"replies":[{"embeddable":true,"href":"https:\/\/campus.lacnic.net\/pt-br\/wp-json\/wp\/v2\/comments?post=109"}],"version-history":[{"count":5,"href":"https:\/\/campus.lacnic.net\/pt-br\/wp-json\/wp\/v2\/pages\/109\/revisions"}],"predecessor-version":[{"id":1271,"href":"https:\/\/campus.lacnic.net\/pt-br\/wp-json\/wp\/v2\/pages\/109\/revisions\/1271"}],"wp:attachment":[{"href":"https:\/\/campus.lacnic.net\/pt-br\/wp-json\/wp\/v2\/media?parent=109"}],"curies":[{"name":"wp","href":"https:\/\/api.w.org\/{rel}","templated":true}]}}